{"id":39874,"date":"2025-03-10T12:51:39","date_gmt":"2025-03-10T16:51:39","guid":{"rendered":"https:\/\/fireflyin.org\/?page_id=39874"},"modified":"2026-03-23T09:33:07","modified_gmt":"2026-03-23T13:33:07","slug":"keepkidssafe","status":"publish","type":"page","link":"https:\/\/fireflyin.org\/ht\/keepkidssafe\/","title":{"rendered":"Avril se Mwa Prevansyon Abi sou Timoun"},"content":{"rendered":"<p>[et_pb_section fb_built=&#8221;1&#8243; custom_padding_last_edited=&#8221;on|phone&#8221; next_background_color=&#8221;#ffffff&#8221; _builder_version=&#8221;4.27.4&#8243; _module_preset=&#8221;default&#8221; background_color=&#8221;RGBA(255,255,255,0)&#8221; background_image=&#8221;https:\/\/fireflyin.org\/wp-content\/uploads\/2025\/03\/web-header-01.png&#8221; background_blend=&#8221;overlay&#8221; custom_padding=&#8221;95px||95px||true|false&#8221; custom_padding_tablet=&#8221;100px||100px||true|false&#8221; custom_padding_phone=&#8221;70px||70px||true|false&#8221; bottom_divider_style=&#8221;curve&#8221; bottom_divider_height=&#8221;60px&#8221; bottom_divider_height_tablet=&#8221;30px&#8221; bottom_divider_height_phone=&#8221;30px&#8221; bottom_divider_height_last_edited=&#8221;on|tablet&#8221; locked=&#8221;off&#8221; global_colors_info=&#8221;{}&#8221;][et_pb_row _builder_version=&#8221;4.16.1&#8243; _module_preset=&#8221;default&#8221; global_colors_info=&#8221;{}&#8221;][et_pb_column type=&#8221;4_4&#8243; _builder_version=&#8221;4.16.1&#8243; _module_preset=&#8221;default&#8221; global_colors_info=&#8221;{}&#8221;][et_pb_text _builder_version=&#8221;4.27.4&#8243; _module_preset=&#8221;default&#8221; text_text_color=&#8221;#2A3E50&#8243; header_font=&#8221;|800||on|||||&#8221; header_font_size=&#8221;65px&#8221; text_orientation=&#8221;center&#8221; background_layout=&#8221;dark&#8221; custom_margin=&#8221;||0px||false|false&#8221; header_font_size_tablet=&#8221;40px&#8221; header_font_size_phone=&#8221;35px&#8221; header_font_size_last_edited=&#8221;on|desktop&#8221; header_text_shadow_style=&#8221;preset3&#8243; header_text_shadow_color=&#8221;rgba(0,0,0,0.7)&#8221; global_colors_info=&#8221;{}&#8221;]<\/p>\n<h1>APRIL IS CHILD ABUSE PREVENTION MONTH<\/h1>\n<h4><strong>We all play a part in keeping kids safe.<\/strong><\/h4>\n<p>[\/et_pb_text][\/et_pb_column][\/et_pb_row][\/et_pb_section][et_pb_section fb_built=&#8221;1&#8243; custom_padding_last_edited=&#8221;on|phone&#8221; _builder_version=&#8221;4.16&#8243; _module_preset=&#8221;default&#8221; z_index=&#8221;99&#8243; custom_padding=&#8221;0px||0px||true|false&#8221; custom_padding_tablet=&#8221;70px||70px||true|false&#8221; custom_padding_phone=&#8221;50px||50px||true|false&#8221; locked=&#8221;off&#8221; global_colors_info=&#8221;{}&#8221;][et_pb_row column_structure=&#8221;1_2,1_2&#8243; _builder_version=&#8221;4.17.1&#8243; _module_preset=&#8221;default&#8221; global_colors_info=&#8221;{}&#8221;][et_pb_column type=&#8221;1_2&#8243; _builder_version=&#8221;4.17.1&#8243; _module_preset=&#8221;default&#8221; global_colors_info=&#8221;{}&#8221;][et_pb_text disabled_on=&#8221;off|off|off&#8221; _builder_version=&#8221;4.27.4&#8243; _module_preset=&#8221;default&#8221; global_colors_info=&#8221;{}&#8221;]<\/p>\n<h3>You can help create stronger families and communities.<\/h3>\n<p>Introduced in 2008 as a symbol of child abuse prevention, the pinwheel represents childlike whimsy and lightheartedness. It symbolizes the vision for a world where all children grow up happy, healthy, and prepared to succeed in supportive families and communities.<\/p>\n<p>In January alone, there were more than 1,700 substantiated reports of child abuse or neglect in Indiana. In 2025, there were more than 20,000. <strong>You can help reduce this staggering number and keep more kids safe.<\/strong><\/p>\n<p>Now more than ever, Hoosier families need your help staying afloat. This is a time of uncertainty for many of our neighbors. As uncertainty rises, so too does the number of child abuse and neglect cases. But, with your help, families can receive more stability, education, and be the best version of themselves.<\/p>\n<p><u>Please consider making a donation to Firefly in honor of the children in your life. Our goal is to raise $175,000 this year for our Emergency Family Assistance Fund.<\/u><span style=\"text-decoration: underline;\">\u00a0Will you help us pass the halfway point this month?<\/span><\/p>\n<p>[\/et_pb_text][et_pb_code _builder_version=&#8221;4.27.4&#8243; _module_preset=&#8221;default&#8221; global_colors_info=&#8221;{}&#8221;]<\/p>\n<div id=\"blackbaud-goal_meter_7948f433-9cb7-4052-af92-eb7126ff4b5b\" class=\"BB-goal-meter BB-goal-meter-fill BB-confetti\" style=\"width: 100%; max-width: 800px; padding: 0px;\"><\/div>\n<p><!-- [et_pb_line_break_holder] --><!-- [et_pb_line_break_holder] --><script src=\"https:\/\/sky.blackbaudcdn.net\/static\/website-components-cdn\/1\/main.js\"><\/script><script>BBWebsiteComponent.goalMeter('renxt', 'p-9z6Up4Vb10-q_nAoD_KRZw', '7948f433-9cb7-4052-af92-eb7126ff4b5b', 'usa', 75)<\/script>[\/et_pb_code][et_pb_text _builder_version=&#8221;4.17.1&#8243; _module_preset=&#8221;default&#8221; custom_padding=&#8221;12px|||||&#8221; global_colors_info=&#8221;{}&#8221;]<strong><a href=\"https:\/\/fireflyin.org\/support\/events\/\">\u00ab BACK TO EVENTS<\/a><\/strong><br \/>\n[\/et_pb_text][\/et_pb_column][et_pb_column type=&#8221;1_2&#8243; _builder_version=&#8221;4.17.1&#8243; _module_preset=&#8221;default&#8221; global_colors_info=&#8221;{}&#8221;][et_pb_code disabled_on=&#8221;off|off|off&#8221; _builder_version=&#8221;4.27.4&#8243; _module_preset=&#8221;default&#8221; global_colors_info=&#8221;{}&#8221;]<\/p>\n<div id=\"blackbaud-donation-form_b9ae7a8c-64cd-4495-9b9e-e0e99b636e55\"><\/div>\n<p><!-- [et_pb_line_break_holder] --><!-- [et_pb_line_break_holder] --><!-- [et_pb_line_break_holder] --><script src=\"https:\/\/sky.blackbaudcdn.net\/static\/donor-form-loader\/2\/main.js\"><\/script><!-- [et_pb_line_break_holder] --><script>BBDonorFormLoader.newBlackbaudDonationFormZoned('tcs', 'p-9z6Up4Vb10-q_nAoD_KRZw', 'b9ae7a8c-64cd-4495-9b9e-e0e99b636e55', 'usa')<\/script>[\/et_pb_code][et_pb_text _builder_version=&#8221;4.24.2&#8243; _module_preset=&#8221;default&#8221; global_colors_info=&#8221;{}&#8221;]If you are having issues with this form please call Brian Short at (463) 212-8216.<br \/>\n[\/et_pb_text][\/et_pb_column][\/et_pb_row][\/et_pb_section]<\/p>\n","protected":false},"excerpt":{"rendered":"<p>APRIL IS CHILD ABUSE PREVENTION MONTH We all play a part in keeping kids safe. You can help create stronger families and communities. Introduced in 2008 as a symbol of child abuse prevention, the pinwheel represents childlike whimsy and lightheartedness. It symbolizes the vision for a world where all children grow up happy, healthy, and [&hellip;]<\/p>\n","protected":false},"author":15,"featured_media":0,"parent":0,"menu_order":0,"comment_status":"closed","ping_status":"closed","template":"","meta":{"_et_pb_use_builder":"on","_et_pb_old_content":"","_et_gb_content_width":"","footnotes":""},"class_list":["post-39874","page","type-page","status-publish","hentry"],"yoast_head":"<!-- This site is optimized with the Yoast SEO plugin v27.3 - https:\/\/yoast.com\/product\/yoast-seo-wordpress\/ -->\n<title>April is Child Abuse Prevention Month - Firefly Children and Family Alliance<\/title>\n<meta name=\"description\" content=\"Please consider making a donation to Firefly in honor of the children in your life. Our goal is to raise $20,000 by April 30. All gifts will be matched by a very generous donor up to a total of $10,000.\" \/>\n<meta name=\"robots\" content=\"index, follow, max-snippet:-1, max-image-preview:large, max-video-preview:-1\" \/>\n<link rel=\"canonical\" href=\"https:\/\/fireflyin.org\/ht\/keepkidssafe\/\" \/>\n<meta property=\"og:locale\" content=\"ht_HT\" \/>\n<meta property=\"og:type\" content=\"article\" \/>\n<meta property=\"og:title\" content=\"April is Child Abuse Prevention Month - Firefly Children and Family Alliance\" \/>\n<meta property=\"og:description\" content=\"Please consider making a donation to Firefly in honor of the children in your life. Our goal is to raise $20,000 by April 30. All gifts will be matched by a very generous donor up to a total of $10,000.\" \/>\n<meta property=\"og:url\" content=\"https:\/\/fireflyin.org\/ht\/keepkidssafe\/\" \/>\n<meta property=\"og:site_name\" content=\"Firefly Children and Family Alliance\" \/>\n<meta property=\"article:modified_time\" content=\"2026-03-23T13:33:07+00:00\" \/>\n<meta name=\"twitter:card\" content=\"summary_large_image\" \/>\n<meta name=\"twitter:label1\" content=\"Est. reading time\" \/>\n\t<meta name=\"twitter:data1\" content=\"2 minutes\" \/>\n<script type=\"application\/ld+json\" class=\"yoast-schema-graph\">{\"@context\":\"https:\\\/\\\/schema.org\",\"@graph\":[{\"@type\":\"WebPage\",\"@id\":\"https:\\\/\\\/fireflyin.org\\\/keepkidssafe\\\/\",\"url\":\"https:\\\/\\\/fireflyin.org\\\/keepkidssafe\\\/\",\"name\":\"April is Child Abuse Prevention Month - Firefly Children and Family Alliance\",\"isPartOf\":{\"@id\":\"https:\\\/\\\/fireflyin.org\\\/#website\"},\"datePublished\":\"2025-03-10T16:51:39+00:00\",\"dateModified\":\"2026-03-23T13:33:07+00:00\",\"description\":\"Please consider making a donation to Firefly in honor of the children in your life. Our goal is to raise $20,000 by April 30. All gifts will be matched by a very generous donor up to a total of $10,000.\",\"breadcrumb\":{\"@id\":\"https:\\\/\\\/fireflyin.org\\\/keepkidssafe\\\/#breadcrumb\"},\"inLanguage\":\"ht\",\"potentialAction\":[{\"@type\":\"ReadAction\",\"target\":[\"https:\\\/\\\/fireflyin.org\\\/keepkidssafe\\\/\"]}]},{\"@type\":\"BreadcrumbList\",\"@id\":\"https:\\\/\\\/fireflyin.org\\\/keepkidssafe\\\/#breadcrumb\",\"itemListElement\":[{\"@type\":\"ListItem\",\"position\":1,\"name\":\"Home\",\"item\":\"https:\\\/\\\/fireflyin.org\\\/\"},{\"@type\":\"ListItem\",\"position\":2,\"name\":\"April is Child Abuse Prevention Month\"}]},{\"@type\":\"WebSite\",\"@id\":\"https:\\\/\\\/fireflyin.org\\\/#website\",\"url\":\"https:\\\/\\\/fireflyin.org\\\/\",\"name\":\"Firefly Children and Family Alliance\",\"description\":\"foster parents impact, foster kids, foster parents needed, a foster parent&#039;s role\",\"potentialAction\":[{\"@type\":\"SearchAction\",\"target\":{\"@type\":\"EntryPoint\",\"urlTemplate\":\"https:\\\/\\\/fireflyin.org\\\/?s={search_term_string}\"},\"query-input\":{\"@type\":\"PropertyValueSpecification\",\"valueRequired\":true,\"valueName\":\"search_term_string\"}}],\"inLanguage\":\"ht\"}]}<\/script>\n<!-- \/ Yoast SEO plugin. -->","yoast_head_json":{"title":"Avril se Mwa Prevansyon Abi sou Timoun - Firefly Children and Family Alliance","description":"Tanpri konsidere f\u00e8 yon don pou Firefly an onore timoun ki nan lavi ou yo. Objektif nou se ranmase $20,000 anvan 30 avril. Yon donat\u00e8 tr\u00e8 jenere ap egalize tout kado yo jiska yon total $10,000.","robots":{"index":"index","follow":"follow","max-snippet":"max-snippet:-1","max-image-preview":"max-image-preview:large","max-video-preview":"max-video-preview:-1"},"canonical":"https:\/\/fireflyin.org\/ht\/keepkidssafe\/","og_locale":"ht_HT","og_type":"article","og_title":"April is Child Abuse Prevention Month - Firefly Children and Family Alliance","og_description":"Please consider making a donation to Firefly in honor of the children in your life. Our goal is to raise $20,000 by April 30. All gifts will be matched by a very generous donor up to a total of $10,000.","og_url":"https:\/\/fireflyin.org\/ht\/keepkidssafe\/","og_site_name":"Firefly Children and Family Alliance","article_modified_time":"2026-03-23T13:33:07+00:00","twitter_card":"summary_large_image","twitter_misc":{"Est. reading time":"2 minutes"},"schema":{"@context":"https:\/\/schema.org","@graph":[{"@type":"WebPage","@id":"https:\/\/fireflyin.org\/keepkidssafe\/","url":"https:\/\/fireflyin.org\/keepkidssafe\/","name":"Avril se Mwa Prevansyon Abi sou Timoun - Firefly Children and Family Alliance","isPartOf":{"@id":"https:\/\/fireflyin.org\/#website"},"datePublished":"2025-03-10T16:51:39+00:00","dateModified":"2026-03-23T13:33:07+00:00","description":"Tanpri konsidere f\u00e8 yon don pou Firefly an onore timoun ki nan lavi ou yo. Objektif nou se ranmase $20,000 anvan 30 avril. Yon donat\u00e8 tr\u00e8 jenere ap egalize tout kado yo jiska yon total $10,000.","breadcrumb":{"@id":"https:\/\/fireflyin.org\/keepkidssafe\/#breadcrumb"},"inLanguage":"ht","potentialAction":[{"@type":"ReadAction","target":["https:\/\/fireflyin.org\/keepkidssafe\/"]}]},{"@type":"BreadcrumbList","@id":"https:\/\/fireflyin.org\/keepkidssafe\/#breadcrumb","itemListElement":[{"@type":"ListItem","position":1,"name":"Home","item":"https:\/\/fireflyin.org\/"},{"@type":"ListItem","position":2,"name":"April is Child Abuse Prevention Month"}]},{"@type":"WebSite","@id":"https:\/\/fireflyin.org\/#website","url":"https:\/\/fireflyin.org\/","name":"Koukouy Timoun ak Fanmi Alliance","description":"enpak paran adoptif, timoun adoptif, paran adoptif bezwen, w\u00f2l yon paran adoptif&#039;","potentialAction":[{"@type":"SearchAction","target":{"@type":"EntryPoint","urlTemplate":"https:\/\/fireflyin.org\/?s={search_term_string}"},"query-input":{"@type":"PropertyValueSpecification","valueRequired":true,"valueName":"search_term_string"}}],"inLanguage":"ht"}]}},"_links":{"self":[{"href":"https:\/\/fireflyin.org\/ht\/wp-json\/wp\/v2\/pages\/39874","targetHints":{"allow":["GET"]}}],"collection":[{"href":"https:\/\/fireflyin.org\/ht\/wp-json\/wp\/v2\/pages"}],"about":[{"href":"https:\/\/fireflyin.org\/ht\/wp-json\/wp\/v2\/types\/page"}],"author":[{"embeddable":true,"href":"https:\/\/fireflyin.org\/ht\/wp-json\/wp\/v2\/users\/15"}],"replies":[{"embeddable":true,"href":"https:\/\/fireflyin.org\/ht\/wp-json\/wp\/v2\/comments?post=39874"}],"version-history":[{"count":4,"href":"https:\/\/fireflyin.org\/ht\/wp-json\/wp\/v2\/pages\/39874\/revisions"}],"predecessor-version":[{"id":87231,"href":"https:\/\/fireflyin.org\/ht\/wp-json\/wp\/v2\/pages\/39874\/revisions\/87231"}],"wp:attachment":[{"href":"https:\/\/fireflyin.org\/ht\/wp-json\/wp\/v2\/media?parent=39874"}],"curies":[{"name":"wp","href":"https:\/\/api.w.org\/{rel}","templated":true}]}}