{"id":38970,"date":"2025-02-10T13:01:50","date_gmt":"2025-02-10T18:01:50","guid":{"rendered":"https:\/\/fireflyin.org\/?page_id=38970"},"modified":"2025-02-10T13:02:31","modified_gmt":"2025-02-10T18:02:31","slug":"the-family-table-sponsorship","status":"publish","type":"page","link":"https:\/\/fireflyin.org\/ht\/support\/events\/the-family-table-sponsorship\/","title":{"rendered":"Patwonaj Tablo Fanmi an"},"content":{"rendered":"<p>[et_pb_section fb_built=&#8221;1&#8243; custom_padding_last_edited=&#8221;on|phone&#8221; next_background_color=&#8221;#ffffff&#8221; _builder_version=&#8221;4.17.1&#8243; _module_preset=&#8221;default&#8221; background_color=&#8221;#C85BA2&#8243; background_enable_image=&#8221;off&#8221; background_blend=&#8221;overlay&#8221; custom_padding=&#8221;95px||95px||true|false&#8221; custom_padding_tablet=&#8221;100px||100px||true|false&#8221; custom_padding_phone=&#8221;70px||70px||true|false&#8221; bottom_divider_style=&#8221;curve&#8221; bottom_divider_height=&#8221;60px&#8221; bottom_divider_height_tablet=&#8221;30px&#8221; bottom_divider_height_phone=&#8221;30px&#8221; bottom_divider_height_last_edited=&#8221;on|tablet&#8221; locked=&#8221;off&#8221; global_colors_info=&#8221;{}&#8221;][et_pb_row _builder_version=&#8221;4.16.1&#8243; _module_preset=&#8221;default&#8221; global_colors_info=&#8221;{}&#8221;][et_pb_column type=&#8221;4_4&#8243; _builder_version=&#8221;4.16.1&#8243; _module_preset=&#8221;default&#8221; global_colors_info=&#8221;{}&#8221;][et_pb_text _builder_version=&#8221;4.27.4&#8243; _module_preset=&#8221;default&#8221; header_font=&#8221;|800||on|||||&#8221; header_font_size=&#8221;65px&#8221; text_orientation=&#8221;center&#8221; background_layout=&#8221;dark&#8221; custom_margin=&#8221;||0px||false|false&#8221; header_font_size_tablet=&#8221;40px&#8221; header_font_size_phone=&#8221;35px&#8221; header_font_size_last_edited=&#8221;on|desktop&#8221; header_text_shadow_style=&#8221;preset3&#8243; header_text_shadow_color=&#8221;rgba(0,0,0,0.7)&#8221; global_colors_info=&#8221;{}&#8221;]<\/p>\n<h1>The Family Table Sponsorship<\/h1>\n<h4>\u00a0<\/h4>\n<p>[\/et_pb_text][\/et_pb_column][\/et_pb_row][\/et_pb_section][et_pb_section fb_built=&#8221;1&#8243; custom_padding_last_edited=&#8221;on|phone&#8221; _builder_version=&#8221;4.16&#8243; _module_preset=&#8221;default&#8221; z_index=&#8221;99&#8243; custom_padding=&#8221;0px||0px||true|false&#8221; custom_padding_tablet=&#8221;70px||70px||true|false&#8221; custom_padding_phone=&#8221;50px||50px||true|false&#8221; locked=&#8221;off&#8221; global_colors_info=&#8221;{}&#8221;][et_pb_row column_structure=&#8221;1_2,1_2&#8243; _builder_version=&#8221;4.17.1&#8243; _module_preset=&#8221;default&#8221; global_colors_info=&#8221;{}&#8221;][et_pb_column type=&#8221;1_2&#8243; _builder_version=&#8221;4.17.1&#8243; _module_preset=&#8221;default&#8221; global_colors_info=&#8221;{}&#8221;][et_pb_text _builder_version=&#8221;4.27.4&#8243; _module_preset=&#8221;default&#8221; hover_enabled=&#8221;0&#8243; global_colors_info=&#8221;{}&#8221; sticky_enabled=&#8221;0&#8243;]<\/p>\n<h3><b>JOIN US FOR A SPECIAL CULINARY JOURNEY<\/b><\/h3>\n<p><span style=\"color: #666666; font-size: 14px;\">The Family Table is Firefly&#8217;s signature fundraising event. Taking place at a different location with a different special guest chef each year, this is an event like none other.<\/span><\/p>\n<p>Stay tuned as we unveil this year&#8217;s location and guest chef.<\/p>\n<p>&nbsp;<\/p>\n<p>[\/et_pb_text][et_pb_text _builder_version=&#8221;4.17.1&#8243; _module_preset=&#8221;default&#8221; custom_padding=&#8221;12px|||||&#8221; global_colors_info=&#8221;{}&#8221;]<strong><a href=\"https:\/\/fireflyin.org\/support\/events\/\">\u00ab BACK TO EVENTS<\/a><\/strong><br \/>\n[\/et_pb_text][\/et_pb_column][et_pb_column type=&#8221;1_2&#8243; _builder_version=&#8221;4.17.1&#8243; _module_preset=&#8221;default&#8221; global_colors_info=&#8221;{}&#8221;][et_pb_code disabled_on=&#8221;off|off|off&#8221; _builder_version=&#8221;4.27.4&#8243; _module_preset=&#8221;default&#8221; global_colors_info=&#8221;{}&#8221;]<!-- Start form embed --><!-- [et_pb_line_break_holder] --><script src=\"https:\/\/sky.blackbaudcdn.net\/static\/reg-form-loader\/5\/main.js\"><\/script><!-- [et_pb_line_break_holder] --><!--<!-- [et_pb_line_break_holder] -->  If you embed multiple forms on your page, only copy one of the <script> lines.<!-- [et_pb_line_break_holder] -->  Otherwise, multiple copies of the form will appear.<!-- [et_pb_line_break_holder] -->--><!-- [et_pb_line_break_holder] --><div<!-- [et_pb_line_break_holder] -->  data-blackbaud-registration-form<!-- [et_pb_line_break_holder] -->  data-blackbaud-registration-form-envid=\"p-9z6Up4Vb10-q_nAoD_KRZw\"<!-- [et_pb_line_break_holder] -->  data-blackbaud-registration-form-id=\"9856ede5-ac6a-4dc1-9699-d17c82888971\"<!-- [et_pb_line_break_holder] -->  data-blackbaud-registration-form-zone=\"usa\"<!-- [et_pb_line_break_holder] -->  data-blackbaud-registration-form-header-height=\"0\"><!-- [et_pb_line_break_holder] -->  <!--<!-- [et_pb_line_break_holder] -->    If your page has a header\/overlay, then you can set this<!-- [et_pb_line_break_holder] -->    'data-blackbaud-registration-form-header-height' value<!-- [et_pb_line_break_holder] -->    to your header height so that the payment form will<!-- [et_pb_line_break_holder] -->    scroll to the proper location when opened.<!-- [et_pb_line_break_holder] -->  --><!-- [et_pb_line_break_holder] --><\/div>\n<p><!-- [et_pb_line_break_holder] --><!-- End form embed --><!-- [et_pb_line_break_holder] -->[\/et_pb_code][\/et_pb_column][\/et_pb_row][\/et_pb_section]<\/p>\n","protected":false},"excerpt":{"rendered":"<p>Patwonaj Tab Fanmi an VIN JWENN NOU POU YON VWAYAJ KILIN\u00c8 ESPESYAL Tab Fanmi an se ev\u00e8nman ranmasaj fon prensipal Firefly la. Chak ane, li f\u00e8t nan yon kote diferan ak yon ch\u00e8f envite espesyal diferan, se yon ev\u00e8nman ki pa gen par\u00e8y. Rete branche pandan n ap devwale kote ane sa a ak ch\u00e8f envite a. \u00ab RETOUNEN NAN EV\u00c8NMAN YO<\/p>","protected":false},"author":15,"featured_media":0,"parent":174,"menu_order":0,"comment_status":"closed","ping_status":"closed","template":"","meta":{"_et_pb_use_builder":"on","_et_pb_old_content":"","_et_gb_content_width":"","footnotes":""},"class_list":["post-38970","page","type-page","status-publish","hentry"],"yoast_head":"<!-- This site is optimized with the Yoast SEO plugin v27.4 - https:\/\/yoast.com\/product\/yoast-seo-wordpress\/ -->\n<title>The Family Table Sponsorship - Firefly Children and Family Alliance<\/title>\n<meta name=\"robots\" content=\"index, follow, max-snippet:-1, max-image-preview:large, max-video-preview:-1\" \/>\n<link rel=\"canonical\" href=\"https:\/\/fireflyin.org\/ht\/support\/events\/the-family-table-sponsorship\/\" \/>\n<meta property=\"og:locale\" content=\"ht_HT\" \/>\n<meta property=\"og:type\" content=\"article\" \/>\n<meta property=\"og:title\" content=\"The Family Table Sponsorship - Firefly Children and Family Alliance\" \/>\n<meta property=\"og:description\" content=\"The Family Table Sponsorship \u00a0JOIN US FOR A SPECIAL CULINARY JOURNEY The Family Table is Firefly&#039;s signature fundraising event. Taking place at a different location with a different special guest chef each year, this is an event like none other. Stay tuned as we unveil this year&#039;s location and guest chef. &nbsp;\u00ab BACK TO EVENTS\" \/>\n<meta property=\"og:url\" content=\"https:\/\/fireflyin.org\/ht\/support\/events\/the-family-table-sponsorship\/\" \/>\n<meta property=\"og:site_name\" content=\"Firefly Children and Family Alliance\" \/>\n<meta property=\"article:modified_time\" content=\"2025-02-10T18:02:31+00:00\" \/>\n<meta name=\"twitter:card\" content=\"summary_large_image\" \/>\n<meta name=\"twitter:label1\" content=\"Est. reading time\" \/>\n\t<meta name=\"twitter:data1\" content=\"1 minute\" \/>\n<script type=\"application\/ld+json\" class=\"yoast-schema-graph\">{\"@context\":\"https:\\\/\\\/schema.org\",\"@graph\":[{\"@type\":\"WebPage\",\"@id\":\"https:\\\/\\\/fireflyin.org\\\/support\\\/events\\\/the-family-table-sponsorship\\\/\",\"url\":\"https:\\\/\\\/fireflyin.org\\\/support\\\/events\\\/the-family-table-sponsorship\\\/\",\"name\":\"The Family Table Sponsorship - Firefly Children and Family Alliance\",\"isPartOf\":{\"@id\":\"https:\\\/\\\/fireflyin.org\\\/#website\"},\"datePublished\":\"2025-02-10T18:01:50+00:00\",\"dateModified\":\"2025-02-10T18:02:31+00:00\",\"breadcrumb\":{\"@id\":\"https:\\\/\\\/fireflyin.org\\\/support\\\/events\\\/the-family-table-sponsorship\\\/#breadcrumb\"},\"inLanguage\":\"ht\",\"potentialAction\":[{\"@type\":\"ReadAction\",\"target\":[\"https:\\\/\\\/fireflyin.org\\\/support\\\/events\\\/the-family-table-sponsorship\\\/\"]}]},{\"@type\":\"BreadcrumbList\",\"@id\":\"https:\\\/\\\/fireflyin.org\\\/support\\\/events\\\/the-family-table-sponsorship\\\/#breadcrumb\",\"itemListElement\":[{\"@type\":\"ListItem\",\"position\":1,\"name\":\"Home\",\"item\":\"https:\\\/\\\/fireflyin.org\\\/\"},{\"@type\":\"ListItem\",\"position\":2,\"name\":\"Support\",\"item\":\"https:\\\/\\\/fireflyin.org\\\/support\\\/\"},{\"@type\":\"ListItem\",\"position\":3,\"name\":\"Events\",\"item\":\"https:\\\/\\\/fireflyin.org\\\/support\\\/events\\\/\"},{\"@type\":\"ListItem\",\"position\":4,\"name\":\"The Family Table Sponsorship\"}]},{\"@type\":\"WebSite\",\"@id\":\"https:\\\/\\\/fireflyin.org\\\/#website\",\"url\":\"https:\\\/\\\/fireflyin.org\\\/\",\"name\":\"Firefly Children and Family Alliance\",\"description\":\"foster parents impact, foster kids, foster parents needed, a foster parent&#039;s role\",\"potentialAction\":[{\"@type\":\"SearchAction\",\"target\":{\"@type\":\"EntryPoint\",\"urlTemplate\":\"https:\\\/\\\/fireflyin.org\\\/?s={search_term_string}\"},\"query-input\":{\"@type\":\"PropertyValueSpecification\",\"valueRequired\":true,\"valueName\":\"search_term_string\"}}],\"inLanguage\":\"ht\"}]}<\/script>\n<!-- \/ Yoast SEO plugin. -->","yoast_head_json":{"title":"The Family Table Sponsorship - Firefly Children and Family Alliance","robots":{"index":"index","follow":"follow","max-snippet":"max-snippet:-1","max-image-preview":"max-image-preview:large","max-video-preview":"max-video-preview:-1"},"canonical":"https:\/\/fireflyin.org\/ht\/support\/events\/the-family-table-sponsorship\/","og_locale":"ht_HT","og_type":"article","og_title":"The Family Table Sponsorship - Firefly Children and Family Alliance","og_description":"The Family Table Sponsorship \u00a0JOIN US FOR A SPECIAL CULINARY JOURNEY The Family Table is Firefly's signature fundraising event. Taking place at a different location with a different special guest chef each year, this is an event like none other. Stay tuned as we unveil this year's location and guest chef. &nbsp;\u00ab BACK TO EVENTS","og_url":"https:\/\/fireflyin.org\/ht\/support\/events\/the-family-table-sponsorship\/","og_site_name":"Firefly Children and Family Alliance","article_modified_time":"2025-02-10T18:02:31+00:00","twitter_card":"summary_large_image","twitter_misc":{"Est. reading time":"1 minute"},"schema":{"@context":"https:\/\/schema.org","@graph":[{"@type":"WebPage","@id":"https:\/\/fireflyin.org\/support\/events\/the-family-table-sponsorship\/","url":"https:\/\/fireflyin.org\/support\/events\/the-family-table-sponsorship\/","name":"The Family Table Sponsorship - Firefly Children and Family Alliance","isPartOf":{"@id":"https:\/\/fireflyin.org\/#website"},"datePublished":"2025-02-10T18:01:50+00:00","dateModified":"2025-02-10T18:02:31+00:00","breadcrumb":{"@id":"https:\/\/fireflyin.org\/support\/events\/the-family-table-sponsorship\/#breadcrumb"},"inLanguage":"ht","potentialAction":[{"@type":"ReadAction","target":["https:\/\/fireflyin.org\/support\/events\/the-family-table-sponsorship\/"]}]},{"@type":"BreadcrumbList","@id":"https:\/\/fireflyin.org\/support\/events\/the-family-table-sponsorship\/#breadcrumb","itemListElement":[{"@type":"ListItem","position":1,"name":"Home","item":"https:\/\/fireflyin.org\/"},{"@type":"ListItem","position":2,"name":"Support","item":"https:\/\/fireflyin.org\/support\/"},{"@type":"ListItem","position":3,"name":"Events","item":"https:\/\/fireflyin.org\/support\/events\/"},{"@type":"ListItem","position":4,"name":"The Family Table Sponsorship"}]},{"@type":"WebSite","@id":"https:\/\/fireflyin.org\/#website","url":"https:\/\/fireflyin.org\/","name":"Koukouy Timoun ak Fanmi Alliance","description":"enpak paran adoptif, timoun adoptif, paran adoptif bezwen, w\u00f2l yon paran adoptif&#039;","potentialAction":[{"@type":"SearchAction","target":{"@type":"EntryPoint","urlTemplate":"https:\/\/fireflyin.org\/?s={search_term_string}"},"query-input":{"@type":"PropertyValueSpecification","valueRequired":true,"valueName":"search_term_string"}}],"inLanguage":"ht"}]}},"_links":{"self":[{"href":"https:\/\/fireflyin.org\/ht\/wp-json\/wp\/v2\/pages\/38970","targetHints":{"allow":["GET"]}}],"collection":[{"href":"https:\/\/fireflyin.org\/ht\/wp-json\/wp\/v2\/pages"}],"about":[{"href":"https:\/\/fireflyin.org\/ht\/wp-json\/wp\/v2\/types\/page"}],"author":[{"embeddable":true,"href":"https:\/\/fireflyin.org\/ht\/wp-json\/wp\/v2\/users\/15"}],"replies":[{"embeddable":true,"href":"https:\/\/fireflyin.org\/ht\/wp-json\/wp\/v2\/comments?post=38970"}],"version-history":[{"count":0,"href":"https:\/\/fireflyin.org\/ht\/wp-json\/wp\/v2\/pages\/38970\/revisions"}],"up":[{"embeddable":true,"href":"https:\/\/fireflyin.org\/ht\/wp-json\/wp\/v2\/pages\/174"}],"wp:attachment":[{"href":"https:\/\/fireflyin.org\/ht\/wp-json\/wp\/v2\/media?parent=38970"}],"curies":[{"name":"wp","href":"https:\/\/api.w.org\/{rel}","templated":true}]}}