{"id":38963,"date":"2025-02-10T12:57:17","date_gmt":"2025-02-10T17:57:17","guid":{"rendered":"https:\/\/fireflyin.org\/?page_id=38963"},"modified":"2025-02-10T12:58:52","modified_gmt":"2025-02-10T17:58:52","slug":"hope-for-the-holidays-sponsorship","status":"publish","type":"page","link":"https:\/\/fireflyin.org\/ht\/support\/events\/hope-for-the-holidays-sponsorship\/","title":{"rendered":"Espere pou parennaj jou ferye yo"},"content":{"rendered":"<p>[et_pb_section fb_built=&#8221;1&#8243; custom_padding_last_edited=&#8221;on|phone&#8221; next_background_color=&#8221;#ffffff&#8221; _builder_version=&#8221;4.17.1&#8243; _module_preset=&#8221;default&#8221; background_color=&#8221;#C85BA2&#8243; background_enable_image=&#8221;off&#8221; background_blend=&#8221;overlay&#8221; custom_padding=&#8221;95px||95px||true|false&#8221; custom_padding_tablet=&#8221;100px||100px||true|false&#8221; custom_padding_phone=&#8221;70px||70px||true|false&#8221; bottom_divider_style=&#8221;curve&#8221; bottom_divider_height=&#8221;60px&#8221; bottom_divider_height_tablet=&#8221;30px&#8221; bottom_divider_height_phone=&#8221;30px&#8221; bottom_divider_height_last_edited=&#8221;on|tablet&#8221; locked=&#8221;off&#8221; global_colors_info=&#8221;{}&#8221;][et_pb_row _builder_version=&#8221;4.16.1&#8243; _module_preset=&#8221;default&#8221; global_colors_info=&#8221;{}&#8221;][et_pb_column type=&#8221;4_4&#8243; _builder_version=&#8221;4.16.1&#8243; _module_preset=&#8221;default&#8221; global_colors_info=&#8221;{}&#8221;][et_pb_text _builder_version=&#8221;4.27.4&#8243; _module_preset=&#8221;default&#8221; header_font=&#8221;|800||on|||||&#8221; header_font_size=&#8221;65px&#8221; text_orientation=&#8221;center&#8221; background_layout=&#8221;dark&#8221; custom_margin=&#8221;||0px||false|false&#8221; header_font_size_tablet=&#8221;40px&#8221; header_font_size_phone=&#8221;35px&#8221; header_font_size_last_edited=&#8221;on|desktop&#8221; header_text_shadow_style=&#8221;preset3&#8243; header_text_shadow_color=&#8221;rgba(0,0,0,0.7)&#8221; global_colors_info=&#8221;{}&#8221;]<\/p>\n<h1>Hope for the Holidays Sponsorship<\/h1>\n<h4>\u00a0<\/h4>\n<p>[\/et_pb_text][\/et_pb_column][\/et_pb_row][\/et_pb_section][et_pb_section fb_built=&#8221;1&#8243; custom_padding_last_edited=&#8221;on|phone&#8221; _builder_version=&#8221;4.16&#8243; _module_preset=&#8221;default&#8221; z_index=&#8221;99&#8243; custom_padding=&#8221;0px||0px||true|false&#8221; custom_padding_tablet=&#8221;70px||70px||true|false&#8221; custom_padding_phone=&#8221;50px||50px||true|false&#8221; locked=&#8221;off&#8221; global_colors_info=&#8221;{}&#8221;][et_pb_row column_structure=&#8221;1_2,1_2&#8243; _builder_version=&#8221;4.17.1&#8243; _module_preset=&#8221;default&#8221; global_colors_info=&#8221;{}&#8221;][et_pb_column type=&#8221;1_2&#8243; _builder_version=&#8221;4.17.1&#8243; _module_preset=&#8221;default&#8221; global_colors_info=&#8221;{}&#8221;][et_pb_text _builder_version=&#8221;4.27.4&#8243; _module_preset=&#8221;default&#8221; hover_enabled=&#8221;0&#8243; global_colors_info=&#8221;{}&#8221; sticky_enabled=&#8221;0&#8243;]<\/p>\n<h3><strong>SHINE YOUR LIGHT<\/strong><\/h3>\n<p>Hope for the Holidays is Firefly&#8217;s annual holiday fundraising event. Each year, we sponsor more than 1,400 Hoosier kiddos and give hope to hundreds of families.\u00a0<\/p>\n<p>Learn more at <a href=\"http:\/\/h4h.fireflyin.org\">h4h.fireflyin.org.<\/a><\/p>\n<p>&nbsp;<\/p>\n<p>[\/et_pb_text][et_pb_text _builder_version=&#8221;4.17.1&#8243; _module_preset=&#8221;default&#8221; custom_padding=&#8221;12px|||||&#8221; global_colors_info=&#8221;{}&#8221;]<strong><a href=\"https:\/\/fireflyin.org\/support\/events\/\">\u00ab BACK TO EVENTS<\/a><\/strong><br \/>\n[\/et_pb_text][\/et_pb_column][et_pb_column type=&#8221;1_2&#8243; _builder_version=&#8221;4.17.1&#8243; _module_preset=&#8221;default&#8221; global_colors_info=&#8221;{}&#8221;][et_pb_code disabled_on=&#8221;off|off|off&#8221; _builder_version=&#8221;4.27.4&#8243; _module_preset=&#8221;default&#8221; global_colors_info=&#8221;{}&#8221;]<\/p>\n<div id=\"blackbaud-donation-form_f9b38b54-0fd2-4d2d-8bfd-81147b968a42\"><\/div>\n<p><!-- [et_pb_line_break_holder] -->        <script src=\"https:\/\/sky.blackbaudcdn.net\/static\/donor-form-loader\/2\/main.js\"><\/script><!-- [et_pb_line_break_holder] -->        <script>BBDonorFormLoader.newBlackbaudDonationFormZoned('tcs', 'p-9z6Up4Vb10-q_nAoD_KRZw', 'f9b38b54-0fd2-4d2d-8bfd-81147b968a42', 'usa')<\/script><!-- [et_pb_line_break_holder] -->[\/et_pb_code][\/et_pb_column][\/et_pb_row][\/et_pb_section]<\/p>\n","protected":false},"excerpt":{"rendered":"<p>Parennaj Espwa pou Jou Ferye yo BRIYE LIMY\u00c8 OU Espwa pou Jou Ferye yo se ev\u00e8nman ranmasaj fon any\u00e8l Firefly pou jou ferye yo. Chak ane, nou patwone plis pase 1,400 timoun Hoosier epi nou bay espwa a plizy\u00e8 sant\u00e8n fanmi. Aprann plis nan h4h.fireflyin.org. \u00ab RETOUNEN NAN EV\u00c8NMAN YO<\/p>","protected":false},"author":15,"featured_media":0,"parent":174,"menu_order":0,"comment_status":"closed","ping_status":"closed","template":"","meta":{"_et_pb_use_builder":"on","_et_pb_old_content":"","_et_gb_content_width":"","footnotes":""},"class_list":["post-38963","page","type-page","status-publish","hentry"],"yoast_head":"<!-- This site is optimized with the Yoast SEO plugin v27.5 - https:\/\/yoast.com\/product\/yoast-seo-wordpress\/ -->\n<title>Hope for the Holidays Sponsorship - Firefly Children and Family Alliance<\/title>\n<meta name=\"robots\" content=\"index, follow, max-snippet:-1, max-image-preview:large, max-video-preview:-1\" \/>\n<link rel=\"canonical\" href=\"https:\/\/fireflyin.org\/ht\/support\/events\/hope-for-the-holidays-sponsorship\/\" \/>\n<meta property=\"og:locale\" content=\"ht_HT\" \/>\n<meta property=\"og:type\" content=\"article\" \/>\n<meta property=\"og:title\" content=\"Hope for the Holidays Sponsorship - Firefly Children and Family Alliance\" \/>\n<meta property=\"og:description\" content=\"Hope for the Holidays Sponsorship \u00a0SHINE YOUR LIGHT Hope for the Holidays is Firefly&#039;s annual holiday fundraising event. Each year, we sponsor more than 1,400 Hoosier kiddos and give hope to hundreds of families.\u00a0 Learn more at h4h.fireflyin.org. &nbsp;\u00ab BACK TO EVENTS\" \/>\n<meta property=\"og:url\" content=\"https:\/\/fireflyin.org\/ht\/support\/events\/hope-for-the-holidays-sponsorship\/\" \/>\n<meta property=\"og:site_name\" content=\"Firefly Children and Family Alliance\" \/>\n<meta property=\"article:modified_time\" content=\"2025-02-10T17:58:52+00:00\" \/>\n<meta name=\"twitter:card\" content=\"summary_large_image\" \/>\n<meta name=\"twitter:label1\" content=\"Est. reading time\" \/>\n\t<meta name=\"twitter:data1\" content=\"1 minute\" \/>\n<script type=\"application\/ld+json\" class=\"yoast-schema-graph\">{\"@context\":\"https:\\\/\\\/schema.org\",\"@graph\":[{\"@type\":\"WebPage\",\"@id\":\"https:\\\/\\\/fireflyin.org\\\/support\\\/events\\\/hope-for-the-holidays-sponsorship\\\/\",\"url\":\"https:\\\/\\\/fireflyin.org\\\/support\\\/events\\\/hope-for-the-holidays-sponsorship\\\/\",\"name\":\"Hope for the Holidays Sponsorship - Firefly Children and Family Alliance\",\"isPartOf\":{\"@id\":\"https:\\\/\\\/fireflyin.org\\\/#website\"},\"datePublished\":\"2025-02-10T17:57:17+00:00\",\"dateModified\":\"2025-02-10T17:58:52+00:00\",\"breadcrumb\":{\"@id\":\"https:\\\/\\\/fireflyin.org\\\/support\\\/events\\\/hope-for-the-holidays-sponsorship\\\/#breadcrumb\"},\"inLanguage\":\"ht\",\"potentialAction\":[{\"@type\":\"ReadAction\",\"target\":[\"https:\\\/\\\/fireflyin.org\\\/support\\\/events\\\/hope-for-the-holidays-sponsorship\\\/\"]}]},{\"@type\":\"BreadcrumbList\",\"@id\":\"https:\\\/\\\/fireflyin.org\\\/support\\\/events\\\/hope-for-the-holidays-sponsorship\\\/#breadcrumb\",\"itemListElement\":[{\"@type\":\"ListItem\",\"position\":1,\"name\":\"Home\",\"item\":\"https:\\\/\\\/fireflyin.org\\\/\"},{\"@type\":\"ListItem\",\"position\":2,\"name\":\"Support\",\"item\":\"https:\\\/\\\/fireflyin.org\\\/support\\\/\"},{\"@type\":\"ListItem\",\"position\":3,\"name\":\"Events\",\"item\":\"https:\\\/\\\/fireflyin.org\\\/support\\\/events\\\/\"},{\"@type\":\"ListItem\",\"position\":4,\"name\":\"Hope for the Holidays Sponsorship\"}]},{\"@type\":\"WebSite\",\"@id\":\"https:\\\/\\\/fireflyin.org\\\/#website\",\"url\":\"https:\\\/\\\/fireflyin.org\\\/\",\"name\":\"Firefly Children and Family Alliance\",\"description\":\"foster parents impact, foster kids, foster parents needed, a foster parent&#039;s role\",\"potentialAction\":[{\"@type\":\"SearchAction\",\"target\":{\"@type\":\"EntryPoint\",\"urlTemplate\":\"https:\\\/\\\/fireflyin.org\\\/?s={search_term_string}\"},\"query-input\":{\"@type\":\"PropertyValueSpecification\",\"valueRequired\":true,\"valueName\":\"search_term_string\"}}],\"inLanguage\":\"ht\"}]}<\/script>\n<!-- \/ Yoast SEO plugin. -->","yoast_head_json":{"title":"Parennaj Espwa pou Jou Ferye yo - Firefly Children and Family Alliance","robots":{"index":"index","follow":"follow","max-snippet":"max-snippet:-1","max-image-preview":"max-image-preview:large","max-video-preview":"max-video-preview:-1"},"canonical":"https:\/\/fireflyin.org\/ht\/support\/events\/hope-for-the-holidays-sponsorship\/","og_locale":"ht_HT","og_type":"article","og_title":"Hope for the Holidays Sponsorship - Firefly Children and Family Alliance","og_description":"Hope for the Holidays Sponsorship \u00a0SHINE YOUR LIGHT Hope for the Holidays is Firefly's annual holiday fundraising event. Each year, we sponsor more than 1,400 Hoosier kiddos and give hope to hundreds of families.\u00a0 Learn more at h4h.fireflyin.org. &nbsp;\u00ab BACK TO EVENTS","og_url":"https:\/\/fireflyin.org\/ht\/support\/events\/hope-for-the-holidays-sponsorship\/","og_site_name":"Firefly Children and Family Alliance","article_modified_time":"2025-02-10T17:58:52+00:00","twitter_card":"summary_large_image","twitter_misc":{"Est. reading time":"1 minute"},"schema":{"@context":"https:\/\/schema.org","@graph":[{"@type":"WebPage","@id":"https:\/\/fireflyin.org\/support\/events\/hope-for-the-holidays-sponsorship\/","url":"https:\/\/fireflyin.org\/support\/events\/hope-for-the-holidays-sponsorship\/","name":"Parennaj Espwa pou Jou Ferye yo - Firefly Children and Family Alliance","isPartOf":{"@id":"https:\/\/fireflyin.org\/#website"},"datePublished":"2025-02-10T17:57:17+00:00","dateModified":"2025-02-10T17:58:52+00:00","breadcrumb":{"@id":"https:\/\/fireflyin.org\/support\/events\/hope-for-the-holidays-sponsorship\/#breadcrumb"},"inLanguage":"ht","potentialAction":[{"@type":"ReadAction","target":["https:\/\/fireflyin.org\/support\/events\/hope-for-the-holidays-sponsorship\/"]}]},{"@type":"BreadcrumbList","@id":"https:\/\/fireflyin.org\/support\/events\/hope-for-the-holidays-sponsorship\/#breadcrumb","itemListElement":[{"@type":"ListItem","position":1,"name":"Home","item":"https:\/\/fireflyin.org\/"},{"@type":"ListItem","position":2,"name":"Support","item":"https:\/\/fireflyin.org\/support\/"},{"@type":"ListItem","position":3,"name":"Events","item":"https:\/\/fireflyin.org\/support\/events\/"},{"@type":"ListItem","position":4,"name":"Hope for the Holidays Sponsorship"}]},{"@type":"WebSite","@id":"https:\/\/fireflyin.org\/#website","url":"https:\/\/fireflyin.org\/","name":"Koukouy Timoun ak Fanmi Alliance","description":"enpak paran adoptif, timoun adoptif, paran adoptif bezwen, w\u00f2l yon paran adoptif&#039;","potentialAction":[{"@type":"SearchAction","target":{"@type":"EntryPoint","urlTemplate":"https:\/\/fireflyin.org\/?s={search_term_string}"},"query-input":{"@type":"PropertyValueSpecification","valueRequired":true,"valueName":"search_term_string"}}],"inLanguage":"ht"}]}},"_links":{"self":[{"href":"https:\/\/fireflyin.org\/ht\/wp-json\/wp\/v2\/pages\/38963","targetHints":{"allow":["GET"]}}],"collection":[{"href":"https:\/\/fireflyin.org\/ht\/wp-json\/wp\/v2\/pages"}],"about":[{"href":"https:\/\/fireflyin.org\/ht\/wp-json\/wp\/v2\/types\/page"}],"author":[{"embeddable":true,"href":"https:\/\/fireflyin.org\/ht\/wp-json\/wp\/v2\/users\/15"}],"replies":[{"embeddable":true,"href":"https:\/\/fireflyin.org\/ht\/wp-json\/wp\/v2\/comments?post=38963"}],"version-history":[{"count":0,"href":"https:\/\/fireflyin.org\/ht\/wp-json\/wp\/v2\/pages\/38963\/revisions"}],"up":[{"embeddable":true,"href":"https:\/\/fireflyin.org\/ht\/wp-json\/wp\/v2\/pages\/174"}],"wp:attachment":[{"href":"https:\/\/fireflyin.org\/ht\/wp-json\/wp\/v2\/media?parent=38963"}],"curies":[{"name":"wp","href":"https:\/\/api.w.org\/{rel}","templated":true}]}}