{"id":27605,"date":"2024-03-19T14:49:55","date_gmt":"2024-03-19T18:49:55","guid":{"rendered":"https:\/\/fireflyin.org\/?page_id=27605"},"modified":"2024-03-19T14:49:55","modified_gmt":"2024-03-19T18:49:55","slug":"march-is-national-social-worker-month","status":"publish","type":"page","link":"https:\/\/fireflyin.org\/ht\/march-is-national-social-worker-month\/","title":{"rendered":"Mas se Mwa Nasyonal Travay\u00e8 Sosyal!"},"content":{"rendered":"<p>Mas se Mwa Nasyonal Travay\u00e8 Sosyal! \ud83d\udc4f<\/p>\n<p>Nou ta renmen rekon\u00e8t travay\u00e8 sosyal eksepsyon\u00e8l nan ekip nou an ki toujou sip\u00f2te ak p\u00e8m\u00e8t kliyan nou yo. Travay\u00e8 sosyal yo briye nan non s\u00e8lman idantifye ak analize pwobl\u00e8m, men tou nan rezoud pwobl\u00e8m efektivman, fasilite koneksyon ak resous, ak ankouraje chanjman pozitif atrav\u00e8 relasyon ki gen sans.<\/p>\n\n\t\t<style type=\"text\/css\">\n\t\t\t#gallery-1 {\n\t\t\t\tmargin: auto;\n\t\t\t}\n\t\t\t#gallery-1 .gallery-item {\n\t\t\t\tfloat: left;\n\t\t\t\tmargin-top: 10px;\n\t\t\t\ttext-align: center;\n\t\t\t\twidth: 50%;\n\t\t\t}\n\t\t\t#gallery-1 img {\n\t\t\t\tborder: 2px solid #cfcfcf;\n\t\t\t}\n\t\t\t#gallery-1 .gallery-caption {\n\t\t\t\tmargin-left: 0;\n\t\t\t}\n\t\t\t\/* see gallery_shortcode() in wp-includes\/media.php *\/\n\t\t<\/style>\n\t\t<div id='gallery-1' class='gallery galleryid-27605 gallery-columns-2 gallery-size-full'><dl class='gallery-item'>\n\t\t\t<dt class='gallery-icon landscape'>\n\t\t\t\t<a href='https:\/\/fireflyin.org\/ht\/march-is-national-social-worker-month\/social-worker-month-2\/'><img decoding=\"async\" width=\"1080\" height=\"1080\" src=\"https:\/\/fireflyin.org\/wp-content\/uploads\/2024\/03\/Social-Worker-Month-2.jpeg\" class=\"attachment-full size-full\" alt=\"\" srcset=\"https:\/\/fireflyin.org\/wp-content\/uploads\/2024\/03\/Social-Worker-Month-2.jpeg 1080w, https:\/\/fireflyin.org\/wp-content\/uploads\/2024\/03\/Social-Worker-Month-2-980x980.jpeg 980w, https:\/\/fireflyin.org\/wp-content\/uploads\/2024\/03\/Social-Worker-Month-2-480x480.jpeg 480w\" sizes=\"(min-width: 0px) and (max-width: 480px) 480px, (min-width: 481px) and (max-width: 980px) 980px, (min-width: 981px) 1080px, 100vw\" \/><\/a>\n\t\t\t<\/dt><\/dl><dl class='gallery-item'>\n\t\t\t<dt class='gallery-icon landscape'>\n\t\t\t\t<a href='https:\/\/fireflyin.org\/ht\/march-is-national-social-worker-month\/social-worker-month-3\/'><img decoding=\"async\" width=\"1080\" height=\"1080\" src=\"https:\/\/fireflyin.org\/wp-content\/uploads\/2024\/03\/Social-Worker-Month-3.jpeg\" class=\"attachment-full size-full\" alt=\"\" srcset=\"https:\/\/fireflyin.org\/wp-content\/uploads\/2024\/03\/Social-Worker-Month-3.jpeg 1080w, https:\/\/fireflyin.org\/wp-content\/uploads\/2024\/03\/Social-Worker-Month-3-980x980.jpeg 980w, https:\/\/fireflyin.org\/wp-content\/uploads\/2024\/03\/Social-Worker-Month-3-480x480.jpeg 480w\" sizes=\"(min-width: 0px) and (max-width: 480px) 480px, (min-width: 481px) and (max-width: 980px) 980px, (min-width: 981px) 1080px, 100vw\" \/><\/a>\n\t\t\t<\/dt><\/dl><br style=\"clear: both\" \/><dl class='gallery-item'>\n\t\t\t<dt class='gallery-icon landscape'>\n\t\t\t\t<a href='https:\/\/fireflyin.org\/ht\/march-is-national-social-worker-month\/social-worker-month-4\/'><img decoding=\"async\" width=\"1080\" height=\"1080\" src=\"https:\/\/fireflyin.org\/wp-content\/uploads\/2024\/03\/Social-Worker-Month-4.jpeg\" class=\"attachment-full size-full\" alt=\"\" srcset=\"https:\/\/fireflyin.org\/wp-content\/uploads\/2024\/03\/Social-Worker-Month-4.jpeg 1080w, https:\/\/fireflyin.org\/wp-content\/uploads\/2024\/03\/Social-Worker-Month-4-980x980.jpeg 980w, https:\/\/fireflyin.org\/wp-content\/uploads\/2024\/03\/Social-Worker-Month-4-480x480.jpeg 480w\" sizes=\"(min-width: 0px) and (max-width: 480px) 480px, (min-width: 481px) and (max-width: 980px) 980px, (min-width: 981px) 1080px, 100vw\" \/><\/a>\n\t\t\t<\/dt><\/dl><dl class='gallery-item'>\n\t\t\t<dt class='gallery-icon landscape'>\n\t\t\t\t<a href='https:\/\/fireflyin.org\/ht\/march-is-national-social-worker-month\/social-worker-month-5\/'><img decoding=\"async\" width=\"1080\" height=\"1080\" src=\"https:\/\/fireflyin.org\/wp-content\/uploads\/2024\/03\/Social-Worker-Month-5.jpeg\" class=\"attachment-full size-full\" alt=\"\" srcset=\"https:\/\/fireflyin.org\/wp-content\/uploads\/2024\/03\/Social-Worker-Month-5.jpeg 1080w, https:\/\/fireflyin.org\/wp-content\/uploads\/2024\/03\/Social-Worker-Month-5-980x980.jpeg 980w, https:\/\/fireflyin.org\/wp-content\/uploads\/2024\/03\/Social-Worker-Month-5-480x480.jpeg 480w\" sizes=\"(min-width: 0px) and (max-width: 480px) 480px, (min-width: 481px) and (max-width: 980px) 980px, (min-width: 981px) 1080px, 100vw\" \/><\/a>\n\t\t\t<\/dt><\/dl><br style=\"clear: both\" \/><dl class='gallery-item'>\n\t\t\t<dt class='gallery-icon landscape'>\n\t\t\t\t<a href='https:\/\/fireflyin.org\/ht\/march-is-national-social-worker-month\/social-worker-month-1\/'><img decoding=\"async\" width=\"1080\" height=\"1080\" src=\"https:\/\/fireflyin.org\/wp-content\/uploads\/2024\/03\/Social-Worker-Month-1.jpeg\" class=\"attachment-full size-full\" alt=\"\" srcset=\"https:\/\/fireflyin.org\/wp-content\/uploads\/2024\/03\/Social-Worker-Month-1.jpeg 1080w, https:\/\/fireflyin.org\/wp-content\/uploads\/2024\/03\/Social-Worker-Month-1-980x980.jpeg 980w, https:\/\/fireflyin.org\/wp-content\/uploads\/2024\/03\/Social-Worker-Month-1-480x480.jpeg 480w\" sizes=\"(min-width: 0px) and (max-width: 480px) 480px, (min-width: 481px) and (max-width: 980px) 980px, (min-width: 981px) 1080px, 100vw\" \/><\/a>\n\t\t\t<\/dt><\/dl>\n\t\t\t<br style='clear: both' \/>\n\t\t<\/div>\n\n<p>M\u00e8si ak anplwaye LSW Firefly nou nan tout eta a! Ou ede retire bary\u00e8 ki mennen kliyan nou yo santi yo wo ak pouvwa. \u2728<\/p>\n<p>&nbsp;<\/p>","protected":false},"excerpt":{"rendered":"<p>March is National Social Worker Month! \ud83d\udc4f We would like to recognize the exceptional social workers on our team who consistently support and empower our clients. Social workers excel in not only identifying and analyzing issues, but also in effectively resolving problems, facilitating connections to resources, and fostering positive change through meaningful relationships. Thank you [&hellip;]<\/p>\n","protected":false},"author":17,"featured_media":0,"parent":0,"menu_order":0,"comment_status":"closed","ping_status":"closed","template":"","meta":{"_et_pb_use_builder":"","_et_pb_old_content":"","_et_gb_content_width":"","footnotes":""},"class_list":["post-27605","page","type-page","status-publish","hentry"],"yoast_head":"<!-- This site is optimized with the Yoast SEO plugin v27.3 - https:\/\/yoast.com\/product\/yoast-seo-wordpress\/ -->\n<title>March is National Social Worker Month! - Firefly Children and Family Alliance<\/title>\n<meta name=\"robots\" content=\"index, follow, max-snippet:-1, max-image-preview:large, max-video-preview:-1\" \/>\n<link rel=\"canonical\" href=\"https:\/\/fireflyin.org\/ht\/march-is-national-social-worker-month\/\" \/>\n<meta property=\"og:locale\" content=\"ht_HT\" \/>\n<meta property=\"og:type\" content=\"article\" \/>\n<meta property=\"og:title\" content=\"March is National Social Worker Month! - Firefly Children and Family Alliance\" \/>\n<meta property=\"og:description\" content=\"March is National Social Worker Month! \ud83d\udc4f We would like to recognize the exceptional social workers on our team who consistently support and empower our clients. Social workers excel in not only identifying and analyzing issues, but also in effectively resolving problems, facilitating connections to resources, and fostering positive change through meaningful relationships. Thank you [&hellip;]\" \/>\n<meta property=\"og:url\" content=\"https:\/\/fireflyin.org\/ht\/march-is-national-social-worker-month\/\" \/>\n<meta property=\"og:site_name\" content=\"Firefly Children and Family Alliance\" \/>\n<meta property=\"og:image\" content=\"https:\/\/fireflyin.org\/wp-content\/uploads\/2024\/03\/Social-Worker-Month-2.jpeg\" \/>\n<meta name=\"twitter:card\" content=\"summary_large_image\" \/>\n<script type=\"application\/ld+json\" class=\"yoast-schema-graph\">{\"@context\":\"https:\\\/\\\/schema.org\",\"@graph\":[{\"@type\":\"WebPage\",\"@id\":\"https:\\\/\\\/fireflyin.org\\\/march-is-national-social-worker-month\\\/\",\"url\":\"https:\\\/\\\/fireflyin.org\\\/march-is-national-social-worker-month\\\/\",\"name\":\"March is National Social Worker Month! - Firefly Children and Family Alliance\",\"isPartOf\":{\"@id\":\"https:\\\/\\\/fireflyin.org\\\/#website\"},\"datePublished\":\"2024-03-19T18:49:55+00:00\",\"breadcrumb\":{\"@id\":\"https:\\\/\\\/fireflyin.org\\\/march-is-national-social-worker-month\\\/#breadcrumb\"},\"inLanguage\":\"ht\",\"potentialAction\":[{\"@type\":\"ReadAction\",\"target\":[\"https:\\\/\\\/fireflyin.org\\\/march-is-national-social-worker-month\\\/\"]}]},{\"@type\":\"BreadcrumbList\",\"@id\":\"https:\\\/\\\/fireflyin.org\\\/march-is-national-social-worker-month\\\/#breadcrumb\",\"itemListElement\":[{\"@type\":\"ListItem\",\"position\":1,\"name\":\"Home\",\"item\":\"https:\\\/\\\/fireflyin.org\\\/\"},{\"@type\":\"ListItem\",\"position\":2,\"name\":\"March is National Social Worker Month!\"}]},{\"@type\":\"WebSite\",\"@id\":\"https:\\\/\\\/fireflyin.org\\\/#website\",\"url\":\"https:\\\/\\\/fireflyin.org\\\/\",\"name\":\"Firefly Children and Family Alliance\",\"description\":\"foster parents impact, foster kids, foster parents needed, a foster parent&#039;s role\",\"potentialAction\":[{\"@type\":\"SearchAction\",\"target\":{\"@type\":\"EntryPoint\",\"urlTemplate\":\"https:\\\/\\\/fireflyin.org\\\/?s={search_term_string}\"},\"query-input\":{\"@type\":\"PropertyValueSpecification\",\"valueRequired\":true,\"valueName\":\"search_term_string\"}}],\"inLanguage\":\"ht\"}]}<\/script>\n<!-- \/ Yoast SEO plugin. -->","yoast_head_json":{"title":"March is National Social Worker Month! - Firefly Children and Family Alliance","robots":{"index":"index","follow":"follow","max-snippet":"max-snippet:-1","max-image-preview":"max-image-preview:large","max-video-preview":"max-video-preview:-1"},"canonical":"https:\/\/fireflyin.org\/ht\/march-is-national-social-worker-month\/","og_locale":"ht_HT","og_type":"article","og_title":"March is National Social Worker Month! - Firefly Children and Family Alliance","og_description":"March is National Social Worker Month! \ud83d\udc4f We would like to recognize the exceptional social workers on our team who consistently support and empower our clients. Social workers excel in not only identifying and analyzing issues, but also in effectively resolving problems, facilitating connections to resources, and fostering positive change through meaningful relationships. Thank you [&hellip;]","og_url":"https:\/\/fireflyin.org\/ht\/march-is-national-social-worker-month\/","og_site_name":"Firefly Children and Family Alliance","og_image":[{"url":"https:\/\/fireflyin.org\/wp-content\/uploads\/2024\/03\/Social-Worker-Month-2.jpeg","type":"","width":"","height":""}],"twitter_card":"summary_large_image","schema":{"@context":"https:\/\/schema.org","@graph":[{"@type":"WebPage","@id":"https:\/\/fireflyin.org\/march-is-national-social-worker-month\/","url":"https:\/\/fireflyin.org\/march-is-national-social-worker-month\/","name":"March is National Social Worker Month! - Firefly Children and Family Alliance","isPartOf":{"@id":"https:\/\/fireflyin.org\/#website"},"datePublished":"2024-03-19T18:49:55+00:00","breadcrumb":{"@id":"https:\/\/fireflyin.org\/march-is-national-social-worker-month\/#breadcrumb"},"inLanguage":"ht","potentialAction":[{"@type":"ReadAction","target":["https:\/\/fireflyin.org\/march-is-national-social-worker-month\/"]}]},{"@type":"BreadcrumbList","@id":"https:\/\/fireflyin.org\/march-is-national-social-worker-month\/#breadcrumb","itemListElement":[{"@type":"ListItem","position":1,"name":"Home","item":"https:\/\/fireflyin.org\/"},{"@type":"ListItem","position":2,"name":"March is National Social Worker Month!"}]},{"@type":"WebSite","@id":"https:\/\/fireflyin.org\/#website","url":"https:\/\/fireflyin.org\/","name":"Koukouy Timoun ak Fanmi Alliance","description":"enpak paran adoptif, timoun adoptif, paran adoptif bezwen, w\u00f2l yon paran adoptif&#039;","potentialAction":[{"@type":"SearchAction","target":{"@type":"EntryPoint","urlTemplate":"https:\/\/fireflyin.org\/?s={search_term_string}"},"query-input":{"@type":"PropertyValueSpecification","valueRequired":true,"valueName":"search_term_string"}}],"inLanguage":"ht"}]}},"_links":{"self":[{"href":"https:\/\/fireflyin.org\/ht\/wp-json\/wp\/v2\/pages\/27605","targetHints":{"allow":["GET"]}}],"collection":[{"href":"https:\/\/fireflyin.org\/ht\/wp-json\/wp\/v2\/pages"}],"about":[{"href":"https:\/\/fireflyin.org\/ht\/wp-json\/wp\/v2\/types\/page"}],"author":[{"embeddable":true,"href":"https:\/\/fireflyin.org\/ht\/wp-json\/wp\/v2\/users\/17"}],"replies":[{"embeddable":true,"href":"https:\/\/fireflyin.org\/ht\/wp-json\/wp\/v2\/comments?post=27605"}],"version-history":[{"count":0,"href":"https:\/\/fireflyin.org\/ht\/wp-json\/wp\/v2\/pages\/27605\/revisions"}],"wp:attachment":[{"href":"https:\/\/fireflyin.org\/ht\/wp-json\/wp\/v2\/media?parent=27605"}],"curies":[{"name":"wp","href":"https:\/\/api.w.org\/{rel}","templated":true}]}}