{"id":180,"date":"2022-03-08T16:25:51","date_gmt":"2022-03-08T21:25:51","guid":{"rendered":"https:\/\/fireflyin.org\/?page_id=180"},"modified":"2023-02-07T11:34:41","modified_gmt":"2023-02-07T16:34:41","slug":"news-library","status":"publish","type":"page","link":"https:\/\/fireflyin.org\/ht\/resources\/news-library\/","title":{"rendered":"Nouv\u00e8l ak Bibliyot\u00e8k"},"content":{"rendered":"<p>[et_pb_section fb_built=&#8221;1&#8243; custom_padding_last_edited=&#8221;on|phone&#8221; _builder_version=&#8221;4.19.2&#8243; _module_preset=&#8221;default&#8221; background_color=&#8221;rgba(42,62,80,0.4)&#8221; background_image=&#8221;https:\/\/fireflyin.org\/wp-content\/uploads\/2023\/02\/iStock-1330073529.jpg&#8221; background_blend=&#8221;overlay&#8221; custom_padding=&#8221;200px||200px||true|false&#8221; custom_padding_tablet=&#8221;100px||100px||true|false&#8221; custom_padding_phone=&#8221;70px||70px||true|false&#8221; bottom_divider_style=&#8221;curve&#8221; bottom_divider_color=&#8221;#FFFFFF&#8221; bottom_divider_height=&#8221;60px&#8221; bottom_divider_height_tablet=&#8221;30px&#8221; bottom_divider_height_phone=&#8221;30px&#8221; bottom_divider_height_last_edited=&#8221;on|tablet&#8221; hover_enabled=&#8221;0&#8243; locked=&#8221;off&#8221; global_colors_info=&#8221;{}&#8221; title_text=&#8221;Emphasis is on the yellow-shirted consultant holding a pencil and the business owner holding a pen reading the terms of a joint venture contract with a partner company.&#8221; sticky_enabled=&#8221;0&#8243;][et_pb_row _builder_version=&#8221;4.16.1&#8243; _module_preset=&#8221;default&#8221; global_colors_info=&#8221;{}&#8221;][et_pb_column type=&#8221;4_4&#8243; _builder_version=&#8221;4.16.1&#8243; _module_preset=&#8221;default&#8221; global_colors_info=&#8221;{}&#8221;][et_pb_text _builder_version=&#8221;4.17.1&#8243; _module_preset=&#8221;default&#8221; header_font=&#8221;|800||on|||||&#8221; header_font_size=&#8221;65px&#8221; text_orientation=&#8221;center&#8221; background_layout=&#8221;dark&#8221; custom_margin=&#8221;||0px||false|false&#8221; header_font_size_tablet=&#8221;40px&#8221; header_font_size_phone=&#8221;35px&#8221; header_font_size_last_edited=&#8221;on|desktop&#8221; header_text_shadow_style=&#8221;preset3&#8243; header_text_shadow_color=&#8221;rgba(0,0,0,0.7)&#8221; global_colors_info=&#8221;{}&#8221;]<\/p>\n<h1>News &#038; Library<\/h1>\n<p>[\/et_pb_text][et_pb_text _builder_version=&#8221;4.17.1&#8243; _module_preset=&#8221;default&#8221; header_2_text_align=&#8221;center&#8221; header_2_font_size=&#8221;19px&#8221; text_orientation=&#8221;center&#8221; background_layout=&#8221;dark&#8221; header_2_text_shadow_style=&#8221;preset3&#8243; header_2_text_shadow_color=&#8221;rgba(0,0,0,0.9)&#8221; global_colors_info=&#8221;{}&#8221;]<\/p>\n<h2>Keep up with the latest news about Firefly Children and Family Alliance, from recent announcements to new programs and services<\/h2>\n<p>[\/et_pb_text][\/et_pb_column][\/et_pb_row][\/et_pb_section][et_pb_section fb_built=&#8221;1&#8243; custom_padding_last_edited=&#8221;on|tablet&#8221; _builder_version=&#8221;4.17.0&#8243; _module_preset=&#8221;default&#8221; background_color=&#8221;RGBA(255,255,255,0)&#8221; z_index=&#8221;99&#8243; custom_padding=&#8221;80px||0px||false|false&#8221; custom_padding_tablet=&#8221;80px||80px||true|&#8221; custom_padding_phone=&#8221;50px||50px||true|false&#8221; global_colors_info=&#8221;{}&#8221;][et_pb_row column_structure=&#8221;3_4,1_4&#8243; _builder_version=&#8221;4.16&#8243; _module_preset=&#8221;default&#8221; custom_padding=&#8221;0px||0px||true|false&#8221; global_colors_info=&#8221;{}&#8221;][et_pb_column type=&#8221;3_4&#8243; _builder_version=&#8221;4.16&#8243; _module_preset=&#8221;default&#8221; global_colors_info=&#8221;{}&#8221;][et_pb_blog show_author=&#8221;off&#8221; use_overlay=&#8221;on&#8221; overlay_icon_color=&#8221;#FFFFFF&#8221; hover_overlay_color=&#8221;rgba(74,186,230,0.8)&#8221; hover_icon=&#8221;&#xf1ea;||fa||400&#8243; module_class=&#8221;bl&#8221; _builder_version=&#8221;4.17.1&#8243; _module_preset=&#8221;default&#8221; header_font=&#8221;|800|||||||&#8221; header_text_color=&#8221;#2A3E50&#8243; meta_font=&#8221;|||on|||||&#8221; meta_text_color=&#8221;#4ABAE6&#8243; meta_font_size=&#8221;13px&#8221; meta_letter_spacing=&#8221;1px&#8221; global_colors_info=&#8221;{}&#8221;][\/et_pb_blog][\/et_pb_column][et_pb_column type=&#8221;1_4&#8243; _builder_version=&#8221;4.16&#8243; _module_preset=&#8221;default&#8221; global_colors_info=&#8221;{}&#8221;][et_pb_search exclude_pages=&#8221;on&#8221; button_color=&#8221;#4ABAE6&#8243; _builder_version=&#8221;4.16&#8243; _module_preset=&#8221;default&#8221; button_font=&#8221;|800||on|||||&#8221; button_text_color=&#8221;#FFFFFF&#8221; button_letter_spacing=&#8221;1px&#8221; border_width_all=&#8221;2px&#8221; border_color_all=&#8221;#4ABAE6&#8243; global_colors_info=&#8221;{}&#8221;][\/et_pb_search][et_pb_sidebar show_border=&#8221;off&#8221; _builder_version=&#8221;4.16&#8243; _module_preset=&#8221;default&#8221; header_font=&#8221;|800||on|||||&#8221; header_font_size=&#8221;17px&#8221; header_letter_spacing=&#8221;1px&#8221; global_colors_info=&#8221;{}&#8221;][\/et_pb_sidebar][\/et_pb_column][\/et_pb_row][et_pb_row _builder_version=&#8221;4.17.1&#8243; _module_preset=&#8221;default&#8221; global_colors_info=&#8221;{}&#8221;][et_pb_column type=&#8221;4_4&#8243; _builder_version=&#8221;4.17.1&#8243; _module_preset=&#8221;default&#8221; global_colors_info=&#8221;{}&#8221;][\/et_pb_column][\/et_pb_row][\/et_pb_section]<\/p>\n","protected":false},"excerpt":{"rendered":"<p>Nouv\u00e8l ak Bibliyot\u00e8k Kenbe d\u00e8nye nouv\u00e8l sou Firefly Children and Family Alliance, soti nan d\u00e8nye anons ak nouvo pwogram ak s\u00e8vis.<\/p>","protected":false},"author":1,"featured_media":0,"parent":71,"menu_order":0,"comment_status":"closed","ping_status":"closed","template":"","meta":{"_et_pb_use_builder":"on","_et_pb_old_content":"<!-- wp:divi\/placeholder \/-->","_et_gb_content_width":"","footnotes":""},"class_list":["post-180","page","type-page","status-publish","hentry"],"yoast_head":"<!-- This site is optimized with the Yoast SEO plugin v27.3 - https:\/\/yoast.com\/product\/yoast-seo-wordpress\/ -->\n<title>News &amp; Library | Firefly Children &amp; Family Alliance<\/title>\n<meta name=\"description\" content=\"View the latest news and announcements from Firefly Children &amp; Family Alliance today. Learn more.\" \/>\n<meta name=\"robots\" content=\"index, follow, max-snippet:-1, max-image-preview:large, max-video-preview:-1\" \/>\n<link rel=\"canonical\" href=\"https:\/\/fireflyin.org\/ht\/resources\/news-library\/\" \/>\n<meta property=\"og:locale\" content=\"ht_HT\" \/>\n<meta property=\"og:type\" content=\"article\" \/>\n<meta property=\"og:title\" content=\"News &amp; Library | Firefly Children &amp; Family Alliance\" \/>\n<meta property=\"og:description\" content=\"View the latest news and announcements from Firefly Children &amp; Family Alliance today. Learn more.\" \/>\n<meta property=\"og:url\" content=\"https:\/\/fireflyin.org\/ht\/resources\/news-library\/\" \/>\n<meta property=\"og:site_name\" content=\"Firefly Children and Family Alliance\" \/>\n<meta property=\"article:modified_time\" content=\"2023-02-07T16:34:41+00:00\" \/>\n<meta name=\"twitter:card\" content=\"summary_large_image\" \/>\n<meta name=\"twitter:label1\" content=\"Est. reading time\" \/>\n\t<meta name=\"twitter:data1\" content=\"1 minute\" \/>\n<script type=\"application\/ld+json\" class=\"yoast-schema-graph\">{\"@context\":\"https:\\\/\\\/schema.org\",\"@graph\":[{\"@type\":\"WebPage\",\"@id\":\"https:\\\/\\\/fireflyin.org\\\/resources\\\/news-library\\\/\",\"url\":\"https:\\\/\\\/fireflyin.org\\\/resources\\\/news-library\\\/\",\"name\":\"News & Library | Firefly Children & Family Alliance\",\"isPartOf\":{\"@id\":\"https:\\\/\\\/fireflyin.org\\\/#website\"},\"datePublished\":\"2022-03-08T21:25:51+00:00\",\"dateModified\":\"2023-02-07T16:34:41+00:00\",\"description\":\"View the latest news and announcements from Firefly Children & Family Alliance today. Learn more.\",\"breadcrumb\":{\"@id\":\"https:\\\/\\\/fireflyin.org\\\/resources\\\/news-library\\\/#breadcrumb\"},\"inLanguage\":\"ht\",\"potentialAction\":[{\"@type\":\"ReadAction\",\"target\":[\"https:\\\/\\\/fireflyin.org\\\/resources\\\/news-library\\\/\"]}]},{\"@type\":\"BreadcrumbList\",\"@id\":\"https:\\\/\\\/fireflyin.org\\\/resources\\\/news-library\\\/#breadcrumb\",\"itemListElement\":[{\"@type\":\"ListItem\",\"position\":1,\"name\":\"Home\",\"item\":\"https:\\\/\\\/fireflyin.org\\\/\"},{\"@type\":\"ListItem\",\"position\":2,\"name\":\"Resources\",\"item\":\"https:\\\/\\\/fireflyin.org\\\/resources\\\/\"},{\"@type\":\"ListItem\",\"position\":3,\"name\":\"News &#038; Library\"}]},{\"@type\":\"WebSite\",\"@id\":\"https:\\\/\\\/fireflyin.org\\\/#website\",\"url\":\"https:\\\/\\\/fireflyin.org\\\/\",\"name\":\"Firefly Children and Family Alliance\",\"description\":\"foster parents impact, foster kids, foster parents needed, a foster parent&#039;s role\",\"potentialAction\":[{\"@type\":\"SearchAction\",\"target\":{\"@type\":\"EntryPoint\",\"urlTemplate\":\"https:\\\/\\\/fireflyin.org\\\/?s={search_term_string}\"},\"query-input\":{\"@type\":\"PropertyValueSpecification\",\"valueRequired\":true,\"valueName\":\"search_term_string\"}}],\"inLanguage\":\"ht\"}]}<\/script>\n<!-- \/ Yoast SEO plugin. -->","yoast_head_json":{"title":"Nouv\u00e8l ak Bibliyot\u00e8k | Firefly Children &amp; Family Alliance","description":"Gade d\u00e8nye nouv\u00e8l ak anons ki soti nan Firefly Children &amp; Family Alliance jodi a. Aprann plis.","robots":{"index":"index","follow":"follow","max-snippet":"max-snippet:-1","max-image-preview":"max-image-preview:large","max-video-preview":"max-video-preview:-1"},"canonical":"https:\/\/fireflyin.org\/ht\/resources\/news-library\/","og_locale":"ht_HT","og_type":"article","og_title":"News & Library | Firefly Children & Family Alliance","og_description":"View the latest news and announcements from Firefly Children & Family Alliance today. Learn more.","og_url":"https:\/\/fireflyin.org\/ht\/resources\/news-library\/","og_site_name":"Firefly Children and Family Alliance","article_modified_time":"2023-02-07T16:34:41+00:00","twitter_card":"summary_large_image","twitter_misc":{"Est. reading time":"1 minute"},"schema":{"@context":"https:\/\/schema.org","@graph":[{"@type":"WebPage","@id":"https:\/\/fireflyin.org\/resources\/news-library\/","url":"https:\/\/fireflyin.org\/resources\/news-library\/","name":"Nouv\u00e8l ak Bibliyot\u00e8k | Firefly Children &amp; Family Alliance","isPartOf":{"@id":"https:\/\/fireflyin.org\/#website"},"datePublished":"2022-03-08T21:25:51+00:00","dateModified":"2023-02-07T16:34:41+00:00","description":"Gade d\u00e8nye nouv\u00e8l ak anons ki soti nan Firefly Children &amp; Family Alliance jodi a. Aprann plis.","breadcrumb":{"@id":"https:\/\/fireflyin.org\/resources\/news-library\/#breadcrumb"},"inLanguage":"ht","potentialAction":[{"@type":"ReadAction","target":["https:\/\/fireflyin.org\/resources\/news-library\/"]}]},{"@type":"BreadcrumbList","@id":"https:\/\/fireflyin.org\/resources\/news-library\/#breadcrumb","itemListElement":[{"@type":"ListItem","position":1,"name":"Home","item":"https:\/\/fireflyin.org\/"},{"@type":"ListItem","position":2,"name":"Resources","item":"https:\/\/fireflyin.org\/resources\/"},{"@type":"ListItem","position":3,"name":"News &#038; Library"}]},{"@type":"WebSite","@id":"https:\/\/fireflyin.org\/#website","url":"https:\/\/fireflyin.org\/","name":"Koukouy Timoun ak Fanmi Alliance","description":"enpak paran adoptif, timoun adoptif, paran adoptif bezwen, w\u00f2l yon paran adoptif&#039;","potentialAction":[{"@type":"SearchAction","target":{"@type":"EntryPoint","urlTemplate":"https:\/\/fireflyin.org\/?s={search_term_string}"},"query-input":{"@type":"PropertyValueSpecification","valueRequired":true,"valueName":"search_term_string"}}],"inLanguage":"ht"}]}},"_links":{"self":[{"href":"https:\/\/fireflyin.org\/ht\/wp-json\/wp\/v2\/pages\/180","targetHints":{"allow":["GET"]}}],"collection":[{"href":"https:\/\/fireflyin.org\/ht\/wp-json\/wp\/v2\/pages"}],"about":[{"href":"https:\/\/fireflyin.org\/ht\/wp-json\/wp\/v2\/types\/page"}],"author":[{"embeddable":true,"href":"https:\/\/fireflyin.org\/ht\/wp-json\/wp\/v2\/users\/1"}],"replies":[{"embeddable":true,"href":"https:\/\/fireflyin.org\/ht\/wp-json\/wp\/v2\/comments?post=180"}],"version-history":[{"count":1,"href":"https:\/\/fireflyin.org\/ht\/wp-json\/wp\/v2\/pages\/180\/revisions"}],"predecessor-version":[{"id":87123,"href":"https:\/\/fireflyin.org\/ht\/wp-json\/wp\/v2\/pages\/180\/revisions\/87123"}],"up":[{"embeddable":true,"href":"https:\/\/fireflyin.org\/ht\/wp-json\/wp\/v2\/pages\/71"}],"wp:attachment":[{"href":"https:\/\/fireflyin.org\/ht\/wp-json\/wp\/v2\/media?parent=180"}],"curies":[{"name":"wp","href":"https:\/\/api.w.org\/{rel}","templated":true}]}}