{"id":17143,"date":"2023-06-20T15:32:09","date_gmt":"2023-06-20T19:32:09","guid":{"rendered":"https:\/\/fireflyin.org\/?page_id=17143"},"modified":"2023-06-20T15:32:09","modified_gmt":"2023-06-20T19:32:09","slug":"sparkle-app-privacy-policy","status":"publish","type":"page","link":"https:\/\/fireflyin.org\/ht\/sparkle-app-privacy-policy\/","title":{"rendered":"R\u00e8g sou enf\u00f2masyon prive Sparkle App"},"content":{"rendered":"<p><strong><u>Sparkle pa <\/u><\/strong><strong><u>Firefly Children and Family Alliance \u2013 R\u00e8gleman sou enf\u00f2masyon prive<\/u><\/strong><\/p>\n<p><strong>Entwodiksyon<\/strong><\/p>\n<p>Deklarasyon Konfidansyalite sa a eksplike kijan Firefly Children and Family Alliance pwoteje enf\u00f2masyon p\u00e8son\u00e8l kliyan nou yo ak itilizat\u00e8 nou yo ba nou.<\/p>\n<p>Sparkle (pa Firefly Children and Family Alliance) se yon platf\u00f2m ki konf\u00f2m HIPPA pou jesyon dokiman ak kominikasyon pou pwogram Firefly Children ak Family Alliance. Itilizat\u00e8 yo ka ranpli fonksyon sa yo:<\/p>\n<ul>\n<li>Kreyasyon kont<\/li>\n<li>Ouvri sesyon an<\/li>\n<li>Reyajiste modpas<\/li>\n<li>Validasyon itilizat\u00e8 kont lis itilizat\u00e8 predefini<\/li>\n<li>Demostrasyon ki gen ladan:\n<ul>\n<li>Rab\u00e8<\/li>\n<li>Anons kominot\u00e8\/J\u00f2b<\/li>\n<li>Swen pw\u00f2p t\u00e8t ou<\/li>\n<li>Depo dokiman<\/li>\n<\/ul>\n<\/li>\n<li>Ev\u00e8nman<\/li>\n<li>Resous<\/li>\n<li>Binder (jesyon dokiman)<\/li>\n<li>Kat jeyografik kominote a<\/li>\n<\/ul>\n<p>Itilizat\u00e8 yo ka chwazi pataje non yo (inisyal premye non, non konpl\u00e8) ak rezo sosyal yo oswa yo ka chwazi pou rann pwofil yo prive.<\/p>\n<p><strong>Angajman pou konfidansyalite<\/strong><\/p>\n<p>Firefly Children and Family Alliance konprann konfidansyalite enp\u00f2tan pou itilizat\u00e8 s\u00e8vis nou yo e li pran angajman pou l transparan anrap\u00f2 ak pratik koleksyon enf\u00f2masyon nou yo ak itilizasyon yo.<\/p>\n<p>R\u00e8g sou enf\u00f2masyon prive sa a kouvri tout pwodwi ak s\u00e8vis Firefly Children and Family Alliance ofri. Si yo f\u00e8 chanjman nan r\u00e8gleman sou enf\u00f2masyon prive sa a, v\u00e8syon anvan yo nan r\u00e8gleman sou enf\u00f2masyon prive nou an ap disponib sou demann.<\/p>\n<p>Aplikasyon an disponib nan lang angle ak pany\u00f2l.<\/p>\n<p>Yon v\u00e8syon tradui r\u00e8gleman sou enf\u00f2masyon prive nou an ap disponib sou demann.<\/p>\n<p><strong>Enf\u00f2masyon nou kolekte<\/strong><\/p>\n<p>Tout done yo kolekte anba r\u00e8gleman sou enf\u00f2masyon prive sa a. Sa gen ladann enf\u00f2masyon ki pa p\u00e8son\u00e8l ak enf\u00f2masyon p\u00e8son\u00e8l yo bay Firefly Children and Family Alliance.<\/p>\n<p>Anplis enf\u00f2masyon p\u00e8son\u00e8l ou, ou ka chwazi pou bay plis enf\u00f2masyon sou t\u00e8t ou nan pwofil itilizat\u00e8 ou an. Sa gen ladann jaden yo idantifye anba a. Tout enf\u00f2masyon ou bay volont\u00e8man kapab aksesib pou anplwaye Firefly Children and Family Alliance pou sip\u00f2te aplikasyon an ak pwogram yo pi byen.<\/p>\n<p>Firefly Children and Family Alliance swiv kantite total fidbak ev\u00e8nman yo soum\u00e8t ak kantite total dokiman ki telechaje soti nan chak itilizat\u00e8 an jeneral, men pa endividy\u00e8lman.<\/p>\n<p>Firefly Children and Family Alliance pral kolekte kalite done sa yo:<\/p>\n<ul>\n<li>Jaden Obligatwa\n<ul>\n<li>Premye non<\/li>\n<li>Siyati<\/li>\n<li>DOB<\/li>\n<li>Adr\u00e8s imel<\/li>\n<\/ul>\n<\/li>\n<li>Jaden si ou vle\n<ul>\n<li>Nimewo telef\u00f2n<\/li>\n<li>S\u00e8ks<\/li>\n<li>Pwonon<\/li>\n<li>Imaj pwofil<\/li>\n<\/ul>\n<\/li>\n<li>L\u00f2t enf\u00f2masyon\n<ul>\n<li>Dokiman itilizat\u00e8 yo<\/li>\n<li>Enf\u00f2masyon lek\u00f2l segond\u00e8<\/li>\n<li>Enf\u00f2masyon sou edikasyon apre segond\u00e8<\/li>\n<li>Enf\u00f2masyon sou rezidans<\/li>\n<li>Enf\u00f2masyon sou travay<\/li>\n<\/ul>\n<\/li>\n<\/ul>\n<p><strong>Ki jan nou kolekte enf\u00f2masyon <\/strong><\/p>\n<p>Firefly Children and Family Alliance kolekte enf\u00f2masyon dir\u00e8kteman nan sit ent\u00e8n\u00e8t nou yo, aplikasyon Sparkle ak s\u00e8vis yo ofri.<\/p>\n<p><strong>Poukisa nou kolekte enf\u00f2masyon <\/strong><\/p>\n<p>Firefly Children and Family Alliance kolekte enf\u00f2masyon pou rezon sa yo:<\/p>\n<ul>\n<li>Enf\u00f2masyon p\u00e8son\u00e8l: Pou bay ou s\u00e8vis ak karakteristik p\u00e8sonalize epi ba ou pi bon eksperyans itilizat\u00e8 posib ak sip\u00f2.<\/li>\n<li>Enf\u00f2masyon ki pa p\u00e8son\u00e8l \/ enf\u00f2masyon sou pwogram yo: Pou bay ou enf\u00f2masyon ki enp\u00f2tan sou pwogram yo.<\/li>\n<li>Itilizasyon aplikasyon ak telechajman: Pou konprann itilizasyon ak optimize ent\u00e8raksyon ou ak s\u00e8vis nou yo.<\/li>\n<li>Okenn nan enf\u00f2masyon yo kolekte pa pataje kounye a ak l\u00f2t itilizat\u00e8 yo. Se s\u00e8lman jaden obligatwa ki ka w\u00e8 nan tablodb\u00f2 obligatwa a.<\/li>\n<\/ul>\n<p><strong>Enf\u00f2masyon hosting<\/strong><\/p>\n<p>Firefly Children and Family Alliance \u00f2ganize tout done nou yo nan peyi Etazini. Nou itilize Google Cloud Platform pou \u00f2ganize tout done nou yo. Si w itilize s\u00e8vis nou an ki soti nan yon peyi ki diferan de lwa Etazini nan Amerik, ki gouv\u00e8ne koleksyon ak pwodiksyon done, ou ka transfere enf\u00f2masyon p\u00e8son\u00e8l ou dey\u00f2 jiridiksyon kontw\u00f2l nan peyi Etazini.<\/p>\n<p><strong>Pataj enf\u00f2masyon ak twazy\u00e8m pati<\/strong><\/p>\n<p>Firefly Children and Family Alliance pa pataje enf\u00f2masyon p\u00e8son\u00e8l pou rezon piblisite oswa maketing. Firefly Children and Family Alliance itilize plizy\u00e8 founis\u00e8 s\u00e8vis twazy\u00e8m pati pou kenbe ak opere s\u00e8vis nou yo. Yo site founis\u00e8 sa yo anba a:<\/p>\n<ul>\n<li>S\u00e8vis Google Cloud: Bay s\u00e8vis hosting pou aplikasyon an.<\/li>\n<li>Auth0: Bay s\u00e8vis otantifikasyon ak otorizasyon aplikasyon an.<\/li>\n<\/ul>\n<p><strong>Retansyon enf\u00f2masyon ak destriksyon <\/strong><\/p>\n<p>Firefly Children and Family Alliance pral kenbe enf\u00f2masyon yo kolekte nan non kliyan nou yo ak itilizat\u00e8 yo toutotan sa neses\u00e8 pou akonpli objektif pou yo te kolekte yo oswa jan lalwa aplikab egzije sa. Pratik n\u00f2mal nou an se kenbe enf\u00f2masyon pou 7 ane.<\/p>\n<p>Y ap efase enf\u00f2masyon ki pa kenbe dapre lalwa ki aplikab yo, epi ki pa neses\u00e8 pou akonpli objektif yo te kolekte yo. Pratik n\u00f2mal nou an se efase enf\u00f2masyon apre 7 ane.<\/p>\n<p>Dokiman itilizat\u00e8 prive yo efase imedyatman l\u00e8 itilizat\u00e8 a retire li. Yo retire dosye piblik yo (imaj pwofil) apre 30 jou<\/p>\n<p><strong>Chwa sou enf\u00f2masyon ou yo<\/strong><\/p>\n<p>Ou ka mete ajou epi revize nenp\u00f2t enf\u00f2masyon ki nan kont ou l\u00e8 w konekte nan aplikasyon Sparkle la. Ou kapab tou mete ajou ak konfigirasyon notifikasyon ak anviw\u00f2nman kominikasyon nan aplikasyon an Sparkle.<\/p>\n<p>Si ou vle efase kont ou a, ou p ap kapab jwenn aks\u00e8 nan enf\u00f2masyon ou sou Sparkle ank\u00f2. Okenn l\u00f2t itilizat\u00e8 Sparkle p ap kapab jwenn aks\u00e8 nan enf\u00f2masyon ou yo. Firefly Children and Family Alliance ap kons\u00e8ve epi s\u00e8vi ak enf\u00f2masyon w yo jan sa neses\u00e8 pou li respekte nenp\u00f2t obligasyon legal yo.<\/p>\n<p><strong>Ki jan yo kontakte nou<\/strong><\/p>\n<p>Si w gen nenp\u00f2t kesyon oswa enkyetid kons\u00e8nan deklarasyon sou enf\u00f2masyon prive sa a, tanpri kontakte nou nan:<\/p>\n<p>Sparklesupport@fireflyin.org<\/p>","protected":false},"excerpt":{"rendered":"<p>Sparkle by Firefly Children and Family Alliance \u2013 Privacy Policy Introduction This Privacy Statement explains how Firefly Children and Family Alliance protects personal information provided to us by our clients and users. Sparkle (by Firefly Children and Family Alliance) is a HIPPA compliant platform for document management and communication for Firefly Children and Family Alliance [&hellip;]<\/p>\n","protected":false},"author":15,"featured_media":0,"parent":0,"menu_order":0,"comment_status":"closed","ping_status":"closed","template":"","meta":{"_et_pb_use_builder":"","_et_pb_old_content":"","_et_gb_content_width":"","footnotes":""},"class_list":["post-17143","page","type-page","status-publish","hentry"],"yoast_head":"<!-- This site is optimized with the Yoast SEO plugin v27.3 - https:\/\/yoast.com\/product\/yoast-seo-wordpress\/ -->\n<title>Sparkle App Privacy Policy - Firefly Children and Family Alliance<\/title>\n<meta name=\"robots\" content=\"index, follow, max-snippet:-1, max-image-preview:large, max-video-preview:-1\" \/>\n<link rel=\"canonical\" href=\"https:\/\/fireflyin.org\/ht\/sparkle-app-privacy-policy\/\" \/>\n<meta property=\"og:locale\" content=\"ht_HT\" \/>\n<meta property=\"og:type\" content=\"article\" \/>\n<meta property=\"og:title\" content=\"Sparkle App Privacy Policy - Firefly Children and Family Alliance\" \/>\n<meta property=\"og:description\" content=\"Sparkle by Firefly Children and Family Alliance \u2013 Privacy Policy Introduction This Privacy Statement explains how Firefly Children and Family Alliance protects personal information provided to us by our clients and users. Sparkle (by Firefly Children and Family Alliance) is a HIPPA compliant platform for document management and communication for Firefly Children and Family Alliance [&hellip;]\" \/>\n<meta property=\"og:url\" content=\"https:\/\/fireflyin.org\/ht\/sparkle-app-privacy-policy\/\" \/>\n<meta property=\"og:site_name\" content=\"Firefly Children and Family Alliance\" \/>\n<meta name=\"twitter:card\" content=\"summary_large_image\" \/>\n<meta name=\"twitter:label1\" content=\"Est. reading time\" \/>\n\t<meta name=\"twitter:data1\" content=\"4 minutes\" \/>\n<script type=\"application\/ld+json\" class=\"yoast-schema-graph\">{\"@context\":\"https:\\\/\\\/schema.org\",\"@graph\":[{\"@type\":\"WebPage\",\"@id\":\"https:\\\/\\\/fireflyin.org\\\/sparkle-app-privacy-policy\\\/\",\"url\":\"https:\\\/\\\/fireflyin.org\\\/sparkle-app-privacy-policy\\\/\",\"name\":\"Sparkle App Privacy Policy - Firefly Children and Family Alliance\",\"isPartOf\":{\"@id\":\"https:\\\/\\\/fireflyin.org\\\/#website\"},\"datePublished\":\"2023-06-20T19:32:09+00:00\",\"breadcrumb\":{\"@id\":\"https:\\\/\\\/fireflyin.org\\\/sparkle-app-privacy-policy\\\/#breadcrumb\"},\"inLanguage\":\"ht\",\"potentialAction\":[{\"@type\":\"ReadAction\",\"target\":[\"https:\\\/\\\/fireflyin.org\\\/sparkle-app-privacy-policy\\\/\"]}]},{\"@type\":\"BreadcrumbList\",\"@id\":\"https:\\\/\\\/fireflyin.org\\\/sparkle-app-privacy-policy\\\/#breadcrumb\",\"itemListElement\":[{\"@type\":\"ListItem\",\"position\":1,\"name\":\"Home\",\"item\":\"https:\\\/\\\/fireflyin.org\\\/\"},{\"@type\":\"ListItem\",\"position\":2,\"name\":\"Sparkle App Privacy Policy\"}]},{\"@type\":\"WebSite\",\"@id\":\"https:\\\/\\\/fireflyin.org\\\/#website\",\"url\":\"https:\\\/\\\/fireflyin.org\\\/\",\"name\":\"Firefly Children and Family Alliance\",\"description\":\"foster parents impact, foster kids, foster parents needed, a foster parent&#039;s role\",\"potentialAction\":[{\"@type\":\"SearchAction\",\"target\":{\"@type\":\"EntryPoint\",\"urlTemplate\":\"https:\\\/\\\/fireflyin.org\\\/?s={search_term_string}\"},\"query-input\":{\"@type\":\"PropertyValueSpecification\",\"valueRequired\":true,\"valueName\":\"search_term_string\"}}],\"inLanguage\":\"ht\"}]}<\/script>\n<!-- \/ Yoast SEO plugin. -->","yoast_head_json":{"title":"Sparkle App Privacy Policy - Firefly Children and Family Alliance","robots":{"index":"index","follow":"follow","max-snippet":"max-snippet:-1","max-image-preview":"max-image-preview:large","max-video-preview":"max-video-preview:-1"},"canonical":"https:\/\/fireflyin.org\/ht\/sparkle-app-privacy-policy\/","og_locale":"ht_HT","og_type":"article","og_title":"Sparkle App Privacy Policy - Firefly Children and Family Alliance","og_description":"Sparkle by Firefly Children and Family Alliance \u2013 Privacy Policy Introduction This Privacy Statement explains how Firefly Children and Family Alliance protects personal information provided to us by our clients and users. Sparkle (by Firefly Children and Family Alliance) is a HIPPA compliant platform for document management and communication for Firefly Children and Family Alliance [&hellip;]","og_url":"https:\/\/fireflyin.org\/ht\/sparkle-app-privacy-policy\/","og_site_name":"Firefly Children and Family Alliance","twitter_card":"summary_large_image","twitter_misc":{"Est. reading time":"4 minutes"},"schema":{"@context":"https:\/\/schema.org","@graph":[{"@type":"WebPage","@id":"https:\/\/fireflyin.org\/sparkle-app-privacy-policy\/","url":"https:\/\/fireflyin.org\/sparkle-app-privacy-policy\/","name":"Sparkle App Privacy Policy - Firefly Children and Family Alliance","isPartOf":{"@id":"https:\/\/fireflyin.org\/#website"},"datePublished":"2023-06-20T19:32:09+00:00","breadcrumb":{"@id":"https:\/\/fireflyin.org\/sparkle-app-privacy-policy\/#breadcrumb"},"inLanguage":"ht","potentialAction":[{"@type":"ReadAction","target":["https:\/\/fireflyin.org\/sparkle-app-privacy-policy\/"]}]},{"@type":"BreadcrumbList","@id":"https:\/\/fireflyin.org\/sparkle-app-privacy-policy\/#breadcrumb","itemListElement":[{"@type":"ListItem","position":1,"name":"Home","item":"https:\/\/fireflyin.org\/"},{"@type":"ListItem","position":2,"name":"Sparkle App Privacy Policy"}]},{"@type":"WebSite","@id":"https:\/\/fireflyin.org\/#website","url":"https:\/\/fireflyin.org\/","name":"Koukouy Timoun ak Fanmi Alliance","description":"enpak paran adoptif, timoun adoptif, paran adoptif bezwen, w\u00f2l yon paran adoptif&#039;","potentialAction":[{"@type":"SearchAction","target":{"@type":"EntryPoint","urlTemplate":"https:\/\/fireflyin.org\/?s={search_term_string}"},"query-input":{"@type":"PropertyValueSpecification","valueRequired":true,"valueName":"search_term_string"}}],"inLanguage":"ht"}]}},"_links":{"self":[{"href":"https:\/\/fireflyin.org\/ht\/wp-json\/wp\/v2\/pages\/17143","targetHints":{"allow":["GET"]}}],"collection":[{"href":"https:\/\/fireflyin.org\/ht\/wp-json\/wp\/v2\/pages"}],"about":[{"href":"https:\/\/fireflyin.org\/ht\/wp-json\/wp\/v2\/types\/page"}],"author":[{"embeddable":true,"href":"https:\/\/fireflyin.org\/ht\/wp-json\/wp\/v2\/users\/15"}],"replies":[{"embeddable":true,"href":"https:\/\/fireflyin.org\/ht\/wp-json\/wp\/v2\/comments?post=17143"}],"version-history":[{"count":0,"href":"https:\/\/fireflyin.org\/ht\/wp-json\/wp\/v2\/pages\/17143\/revisions"}],"wp:attachment":[{"href":"https:\/\/fireflyin.org\/ht\/wp-json\/wp\/v2\/media?parent=17143"}],"curies":[{"name":"wp","href":"https:\/\/api.w.org\/{rel}","templated":true}]}}