{"id":17143,"date":"2023-06-20T15:32:09","date_gmt":"2023-06-20T19:32:09","guid":{"rendered":"https:\/\/fireflyin.org\/?page_id=17143"},"modified":"2023-06-20T15:32:09","modified_gmt":"2023-06-20T19:32:09","slug":"sparkle-app-privacy-policy","status":"publish","type":"page","link":"https:\/\/fireflyin.org\/fr\/sparkle-app-privacy-policy\/","title":{"rendered":"Politique de confidentialit\u00e9 de l&#039;application Sparkle"},"content":{"rendered":"<p><strong><u>Brillez par <\/u><\/strong><strong><u>Alliance Firefly pour les enfants et les familles \u2013 Politique de confidentialit\u00e9<\/u><\/strong><\/p>\n<p><strong>Introduction<\/strong><\/p>\n<p>Cette d\u00e9claration de confidentialit\u00e9 explique comment Firefly Children and Family Alliance prot\u00e8ge les informations personnelles qui nous sont fournies par nos clients et utilisateurs.<\/p>\n<p>Sparkle (par Firefly Children and Family Alliance) est une plate-forme conforme \u00e0 la HIPPA pour la gestion de documents et la communication pour les programmes Firefly Children and Family Alliance. Les utilisateurs peuvent remplir les fonctions suivantes\u00a0:<\/p>\n<ul>\n<li>Cr\u00e9ation de compte<\/li>\n<li>Se connecter<\/li>\n<li>R\u00e9initialiser le mot de passe<\/li>\n<li>Validation des utilisateurs par rapport \u00e0 une liste d&#039;utilisateurs pr\u00e9d\u00e9finie<\/li>\n<li>Proc\u00e9dure pas \u00e0 pas de la d\u00e9monstration comprenant\u00a0:\n<ul>\n<li>R\u00e9ductions<\/li>\n<li>Annonces communautaires\/Emplois<\/li>\n<li>Soins auto-administr\u00e9s<\/li>\n<li>Stockage de documents<\/li>\n<\/ul>\n<\/li>\n<li>\u00c9v\u00e9nements<\/li>\n<li>Ressources<\/li>\n<li>Classeur (Gestion de documents)<\/li>\n<li>Carte de la communaut\u00e9<\/li>\n<\/ul>\n<p>Les utilisateurs peuvent choisir de partager leur nom (pr\u00e9nom, nom de famille, initiale, pas nom complet) et leur identifiant de r\u00e9seau social ou ils peuvent choisir de rendre leur profil priv\u00e9.<\/p>\n<p><strong>Engagement envers la confidentialit\u00e9<\/strong><\/p>\n<p>Firefly Children and Family Alliance comprend que la confidentialit\u00e9 est importante pour les utilisateurs de nos services et s&#039;engage \u00e0 \u00eatre transparente en ce qui concerne nos pratiques de collecte et d&#039;utilisation d&#039;informations.<\/p>\n<p>Cette politique de confidentialit\u00e9 couvre tous les produits et services fournis par Firefly Children and Family Alliance. Si des modifications sont apport\u00e9es \u00e0 cette politique de confidentialit\u00e9, les versions pr\u00e9c\u00e9dentes de notre politique de confidentialit\u00e9 seront disponibles sur demande.<\/p>\n<p>L&#039;application est disponible en anglais et en espagnol.<\/p>\n<p>Une version traduite de notre politique de confidentialit\u00e9 sera disponible sur demande.<\/p>\n<p><strong>Informations que nous collectons<\/strong><\/p>\n<p>Toutes les donn\u00e9es collect\u00e9es sont couvertes par cette politique de confidentialit\u00e9. Cela inclut les informations non personnelles et les informations personnelles fournies \u00e0 Firefly Children and Family Alliance.<\/p>\n<p>En plus de vos informations personnelles, vous pouvez choisir de fournir des informations suppl\u00e9mentaires vous concernant dans votre profil d&#039;utilisateur. Cela inclut les champs identifi\u00e9s ci-dessous. Toutes les informations que vous fournissez volontairement peuvent \u00eatre rendues accessibles au personnel de Firefly Children and Family Alliance afin de mieux soutenir la candidature et les programmes.<\/p>\n<p>Firefly Children and Family Alliance suit le montant total des commentaires sur les \u00e9v\u00e9nements soumis et le nombre total de documents t\u00e9l\u00e9charg\u00e9s par chaque utilisateur dans son ensemble, mais pas individuellement.<\/p>\n<p>Firefly Children and Family Alliance collectera les types de donn\u00e9es suivants\u00a0:<\/p>\n<ul>\n<li>Champs obligatoires\n<ul>\n<li>Pr\u00e9nom<\/li>\n<li>Nom de famille<\/li>\n<li>Date de naissance<\/li>\n<li>Adresse e-mail<\/li>\n<\/ul>\n<\/li>\n<li>Champs facultatifs\n<ul>\n<li>Num\u00e9ro de t\u00e9l\u00e9phone<\/li>\n<li>Genre<\/li>\n<li>Pronoms<\/li>\n<li>Image de profil<\/li>\n<\/ul>\n<\/li>\n<li>Les autres informations\n<ul>\n<li>Documents utilisateur<\/li>\n<li>Informations sur le lyc\u00e9e<\/li>\n<li>Informations sur l&#039;\u00e9ducation postsecondaire<\/li>\n<li>Informations sur la r\u00e9sidence<\/li>\n<li>Information d&#039;emploi<\/li>\n<\/ul>\n<\/li>\n<\/ul>\n<p><strong>Comment nous collectons les informations <\/strong><\/p>\n<p>Firefly Children and Family Alliance collecte des informations directement \u00e0 partir de nos sites Web, de l&#039;application Sparkle et des services propos\u00e9s.<\/p>\n<p><strong>Pourquoi nous collectons des informations <\/strong><\/p>\n<p>Firefly Children and Family Alliance collecte des informations aux fins suivantes\u00a0:<\/p>\n<ul>\n<li>Informations personnelles\u00a0: pour vous fournir des services et des fonctionnalit\u00e9s personnalis\u00e9s et vous offrir la meilleure exp\u00e9rience utilisateur et la meilleure assistance possible.<\/li>\n<li>Informations non personnelles\/informations sur le programme\u00a0: Pour vous fournir des informations pertinentes sur le programme.<\/li>\n<li>Utilisation et t\u00e9l\u00e9chargements des applications\u00a0: pour comprendre l&#039;utilisation et optimiser votre interaction avec nos services.<\/li>\n<li>Aucune des informations collect\u00e9es n&#039;est actuellement partag\u00e9e avec d&#039;autres utilisateurs. Seuls les champs obligatoires sont visibles depuis le tableau de bord obligatoire.<\/li>\n<\/ul>\n<p><strong>H\u00e9bergement d&#039;informations<\/strong><\/p>\n<p>Firefly Children and Family Alliance h\u00e9berge toutes nos donn\u00e9es aux \u00c9tats-Unis d&#039;Am\u00e9rique. Nous utilisons Google Cloud Platform pour h\u00e9berger toutes nos donn\u00e9es. Si vous utilisez notre service depuis un pays diff\u00e9rent des lois des \u00c9tats-Unis d&#039;Am\u00e9rique qui r\u00e9gissent la collecte et la production de donn\u00e9es, vous pouvez transf\u00e9rer vos informations personnelles en dehors de la juridiction de contr\u00f4le des \u00c9tats-Unis d&#039;Am\u00e9rique.<\/p>\n<p><strong>Partage d\u2019informations et tiers<\/strong><\/p>\n<p>Firefly Children and Family Alliance ne partage pas d\u2019informations personnelles \u00e0 des fins publicitaires ou marketing. Firefly Children and Family Alliance fait appel \u00e0 plusieurs prestataires de services tiers pour maintenir et exploiter nos services. Ces fournisseurs sont r\u00e9pertori\u00e9s ci-dessous\u00a0:<\/p>\n<ul>\n<li>Services Google Cloud\u00a0: fournit des services d&#039;h\u00e9bergement pour l&#039;application.<\/li>\n<li>Auth0\u00a0: fournit des services d&#039;authentification et d&#039;autorisation \u00e0 l&#039;application.<\/li>\n<\/ul>\n<p><strong>Conservation et destruction des informations <\/strong><\/p>\n<p>Firefly Children and Family Alliance conservera les informations collect\u00e9es au nom de nos clients et utilisateurs aussi longtemps que n\u00e9cessaire pour atteindre l&#039;objectif pour lequel elles ont \u00e9t\u00e9 collect\u00e9es ou comme l&#039;exige la loi applicable. Notre pratique standard consiste \u00e0 conserver les informations pendant 7 ans.<\/p>\n<p>Les informations qui ne sont pas d\u00e9tenues conform\u00e9ment \u00e0 la loi applicable et qui ne sont pas n\u00e9cessaires pour atteindre l&#039;objectif pour lequel elles ont \u00e9t\u00e9 collect\u00e9es seront supprim\u00e9es. Notre pratique habituelle consiste \u00e0 supprimer les informations apr\u00e8s 7 ans.<\/p>\n<p>Les documents d&#039;utilisateur priv\u00e9 sont supprim\u00e9s imm\u00e9diatement apr\u00e8s leur suppression par l&#039;utilisateur. Les fichiers publics (images de profil) sont supprim\u00e9s apr\u00e8s 30 jours.<\/p>\n<p><strong>Choix concernant vos informations<\/strong><\/p>\n<p>Vous pouvez mettre \u00e0 jour et consulter toutes les informations de votre compte en vous connectant \u00e0 l&#039;application Sparkle. Vous pouvez \u00e9galement mettre \u00e0 jour et configurer les param\u00e8tres de notification et de communication dans l&#039;application Sparkle.<\/p>\n<p>Si vous souhaitez supprimer votre compte, vous ne pourrez plus acc\u00e9der \u00e0 vos informations sur Sparkle. Aucun autre utilisateur de Sparkle ne pourra acc\u00e9der \u00e0 vos informations. Firefly Children and Family Alliance conservera et utilisera vos informations si n\u00e9cessaire afin de se conformer \u00e0 toute obligation l\u00e9gale.<\/p>\n<p><strong>Comment nous contacter<\/strong><\/p>\n<p>Si vous avez des questions ou des pr\u00e9occupations concernant cette d\u00e9claration de confidentialit\u00e9, veuillez nous contacter \u00e0 l&#039;adresse suivante\u00a0:<\/p>\n<p>Sparklesupport@fireflyin.org<\/p>","protected":false},"excerpt":{"rendered":"<p>Sparkle by Firefly Children and Family Alliance \u2013 Privacy Policy Introduction This Privacy Statement explains how Firefly Children and Family Alliance protects personal information provided to us by our clients and users. Sparkle (by Firefly Children and Family Alliance) is a HIPPA compliant platform for document management and communication for Firefly Children and Family Alliance [&hellip;]<\/p>\n","protected":false},"author":15,"featured_media":0,"parent":0,"menu_order":0,"comment_status":"closed","ping_status":"closed","template":"","meta":{"_et_pb_use_builder":"","_et_pb_old_content":"","_et_gb_content_width":"","footnotes":""},"class_list":["post-17143","page","type-page","status-publish","hentry"],"yoast_head":"<!-- This site is optimized with the Yoast SEO plugin v27.3 - https:\/\/yoast.com\/product\/yoast-seo-wordpress\/ -->\n<title>Sparkle App Privacy Policy - Firefly Children and Family Alliance<\/title>\n<meta name=\"robots\" content=\"index, follow, max-snippet:-1, max-image-preview:large, max-video-preview:-1\" \/>\n<link rel=\"canonical\" href=\"https:\/\/fireflyin.org\/fr\/sparkle-app-privacy-policy\/\" \/>\n<meta property=\"og:locale\" content=\"fr_FR\" \/>\n<meta property=\"og:type\" content=\"article\" \/>\n<meta property=\"og:title\" content=\"Sparkle App Privacy Policy - Firefly Children and Family Alliance\" \/>\n<meta property=\"og:description\" content=\"Sparkle by Firefly Children and Family Alliance \u2013 Privacy Policy Introduction This Privacy Statement explains how Firefly Children and Family Alliance protects personal information provided to us by our clients and users. Sparkle (by Firefly Children and Family Alliance) is a HIPPA compliant platform for document management and communication for Firefly Children and Family Alliance [&hellip;]\" \/>\n<meta property=\"og:url\" content=\"https:\/\/fireflyin.org\/fr\/sparkle-app-privacy-policy\/\" \/>\n<meta property=\"og:site_name\" content=\"Firefly Children and Family Alliance\" \/>\n<meta name=\"twitter:card\" content=\"summary_large_image\" \/>\n<meta name=\"twitter:label1\" content=\"Dur\u00e9e de lecture estim\u00e9e\" \/>\n\t<meta name=\"twitter:data1\" content=\"4 minutes\" \/>\n<script type=\"application\/ld+json\" class=\"yoast-schema-graph\">{\"@context\":\"https:\\\/\\\/schema.org\",\"@graph\":[{\"@type\":\"WebPage\",\"@id\":\"https:\\\/\\\/fireflyin.org\\\/sparkle-app-privacy-policy\\\/\",\"url\":\"https:\\\/\\\/fireflyin.org\\\/sparkle-app-privacy-policy\\\/\",\"name\":\"Sparkle App Privacy Policy - Firefly Children and Family Alliance\",\"isPartOf\":{\"@id\":\"https:\\\/\\\/fireflyin.org\\\/#website\"},\"datePublished\":\"2023-06-20T19:32:09+00:00\",\"breadcrumb\":{\"@id\":\"https:\\\/\\\/fireflyin.org\\\/sparkle-app-privacy-policy\\\/#breadcrumb\"},\"inLanguage\":\"fr-FR\",\"potentialAction\":[{\"@type\":\"ReadAction\",\"target\":[\"https:\\\/\\\/fireflyin.org\\\/sparkle-app-privacy-policy\\\/\"]}]},{\"@type\":\"BreadcrumbList\",\"@id\":\"https:\\\/\\\/fireflyin.org\\\/sparkle-app-privacy-policy\\\/#breadcrumb\",\"itemListElement\":[{\"@type\":\"ListItem\",\"position\":1,\"name\":\"Home\",\"item\":\"https:\\\/\\\/fireflyin.org\\\/\"},{\"@type\":\"ListItem\",\"position\":2,\"name\":\"Sparkle App Privacy Policy\"}]},{\"@type\":\"WebSite\",\"@id\":\"https:\\\/\\\/fireflyin.org\\\/#website\",\"url\":\"https:\\\/\\\/fireflyin.org\\\/\",\"name\":\"Firefly Children and Family Alliance\",\"description\":\"foster parents impact, foster kids, foster parents needed, a foster parent&#039;s role\",\"potentialAction\":[{\"@type\":\"SearchAction\",\"target\":{\"@type\":\"EntryPoint\",\"urlTemplate\":\"https:\\\/\\\/fireflyin.org\\\/?s={search_term_string}\"},\"query-input\":{\"@type\":\"PropertyValueSpecification\",\"valueRequired\":true,\"valueName\":\"search_term_string\"}}],\"inLanguage\":\"fr-FR\"}]}<\/script>\n<!-- \/ Yoast SEO plugin. -->","yoast_head_json":{"title":"Sparkle App Privacy Policy - Firefly Children and Family Alliance","robots":{"index":"index","follow":"follow","max-snippet":"max-snippet:-1","max-image-preview":"max-image-preview:large","max-video-preview":"max-video-preview:-1"},"canonical":"https:\/\/fireflyin.org\/fr\/sparkle-app-privacy-policy\/","og_locale":"fr_FR","og_type":"article","og_title":"Sparkle App Privacy Policy - Firefly Children and Family Alliance","og_description":"Sparkle by Firefly Children and Family Alliance \u2013 Privacy Policy Introduction This Privacy Statement explains how Firefly Children and Family Alliance protects personal information provided to us by our clients and users. Sparkle (by Firefly Children and Family Alliance) is a HIPPA compliant platform for document management and communication for Firefly Children and Family Alliance [&hellip;]","og_url":"https:\/\/fireflyin.org\/fr\/sparkle-app-privacy-policy\/","og_site_name":"Firefly Children and Family Alliance","twitter_card":"summary_large_image","twitter_misc":{"Dur\u00e9e de lecture estim\u00e9e":"4 minutes"},"schema":{"@context":"https:\/\/schema.org","@graph":[{"@type":"WebPage","@id":"https:\/\/fireflyin.org\/sparkle-app-privacy-policy\/","url":"https:\/\/fireflyin.org\/sparkle-app-privacy-policy\/","name":"Sparkle App Privacy Policy - Firefly Children and Family Alliance","isPartOf":{"@id":"https:\/\/fireflyin.org\/#website"},"datePublished":"2023-06-20T19:32:09+00:00","breadcrumb":{"@id":"https:\/\/fireflyin.org\/sparkle-app-privacy-policy\/#breadcrumb"},"inLanguage":"fr-FR","potentialAction":[{"@type":"ReadAction","target":["https:\/\/fireflyin.org\/sparkle-app-privacy-policy\/"]}]},{"@type":"BreadcrumbList","@id":"https:\/\/fireflyin.org\/sparkle-app-privacy-policy\/#breadcrumb","itemListElement":[{"@type":"ListItem","position":1,"name":"Home","item":"https:\/\/fireflyin.org\/"},{"@type":"ListItem","position":2,"name":"Sparkle App Privacy Policy"}]},{"@type":"WebSite","@id":"https:\/\/fireflyin.org\/#website","url":"https:\/\/fireflyin.org\/","name":"Alliance des enfants et de la famille Firefly","description":"impact des parents d&#039;accueil, enfants en famille d&#039;accueil, parents d&#039;accueil n\u00e9cessaires, r\u00f4le d&#039;un parent d&#039;accueil","potentialAction":[{"@type":"SearchAction","target":{"@type":"EntryPoint","urlTemplate":"https:\/\/fireflyin.org\/?s={search_term_string}"},"query-input":{"@type":"PropertyValueSpecification","valueRequired":true,"valueName":"search_term_string"}}],"inLanguage":"fr-FR"}]}},"_links":{"self":[{"href":"https:\/\/fireflyin.org\/fr\/wp-json\/wp\/v2\/pages\/17143","targetHints":{"allow":["GET"]}}],"collection":[{"href":"https:\/\/fireflyin.org\/fr\/wp-json\/wp\/v2\/pages"}],"about":[{"href":"https:\/\/fireflyin.org\/fr\/wp-json\/wp\/v2\/types\/page"}],"author":[{"embeddable":true,"href":"https:\/\/fireflyin.org\/fr\/wp-json\/wp\/v2\/users\/15"}],"replies":[{"embeddable":true,"href":"https:\/\/fireflyin.org\/fr\/wp-json\/wp\/v2\/comments?post=17143"}],"version-history":[{"count":0,"href":"https:\/\/fireflyin.org\/fr\/wp-json\/wp\/v2\/pages\/17143\/revisions"}],"wp:attachment":[{"href":"https:\/\/fireflyin.org\/fr\/wp-json\/wp\/v2\/media?parent=17143"}],"curies":[{"name":"wp","href":"https:\/\/api.w.org\/{rel}","templated":true}]}}