{"id":17143,"date":"2023-06-20T15:32:09","date_gmt":"2023-06-20T19:32:09","guid":{"rendered":"https:\/\/fireflyin.org\/?page_id=17143"},"modified":"2023-06-20T15:32:09","modified_gmt":"2023-06-20T19:32:09","slug":"sparkle-app-privacy-policy","status":"publish","type":"page","link":"https:\/\/fireflyin.org\/es\/sparkle-app-privacy-policy\/","title":{"rendered":"Pol\u00edtica de privacidad de la aplicaci\u00f3n Sparkle"},"content":{"rendered":"<p><strong><u>brillar por <\/u><\/strong><strong><u>Alianza para Ni\u00f1os y Familias Firefly \u2013 Pol\u00edtica de Privacidad<\/u><\/strong><\/p>\n<p><strong>Introducci\u00f3n<\/strong><\/p>\n<p>Esta Declaraci\u00f3n de Privacidad explica c\u00f3mo Firefly Children and Family Alliance protege la informaci\u00f3n personal que nos proporcionan nuestros clientes y usuarios.<\/p>\n<p>Sparkle (de Firefly Children and Family Alliance) es una plataforma compatible con HIPPA para la gesti\u00f3n de documentos y la comunicaci\u00f3n para los programas de Firefly Children and Family Alliance. Los usuarios pueden completar las siguientes funciones:<\/p>\n<ul>\n<li>Creaci\u00f3n de cuenta<\/li>\n<li>Acceso<\/li>\n<li>Restablecer la contrase\u00f1a<\/li>\n<li>Validaci\u00f3n de usuario contra lista de usuarios predefinida<\/li>\n<li>Tutorial de demostraci\u00f3n que incluye:\n<ul>\n<li>Descuentos<\/li>\n<li>Anuncios de la comunidad\/Trabajos<\/li>\n<li>Cuidados personales<\/li>\n<li>Almacenamiento de documento<\/li>\n<\/ul>\n<\/li>\n<li>Eventos<\/li>\n<li>Recursos<\/li>\n<li>Carpeta (Gesti\u00f3n de documentos)<\/li>\n<li>Mapa de la comunidad<\/li>\n<\/ul>\n<p>Los usuarios pueden optar por compartir su nombre (nombre, apellido, inicial, no nombre completo) y su nombre de usuario en las redes sociales o pueden optar por hacer que su perfil sea privado.<\/p>\n<p><strong>Compromiso con la privacidad<\/strong><\/p>\n<p>Firefly Children and Family Alliance entiende que la privacidad es importante para los usuarios de nuestros servicios y se compromete a ser transparente con respecto a nuestras pr\u00e1cticas de uso y recopilaci\u00f3n de informaci\u00f3n.<\/p>\n<p>Esta pol\u00edtica de privacidad cubre todos los productos y servicios proporcionados por Firefly Children and Family Alliance. Si se realizan cambios en esta pol\u00edtica de privacidad, las versiones anteriores de nuestra pol\u00edtica de privacidad estar\u00e1n disponibles previa solicitud.<\/p>\n<p>La Aplicaci\u00f3n est\u00e1 disponible tanto en ingl\u00e9s como en espa\u00f1ol.<\/p>\n<p>Una versi\u00f3n traducida de nuestra pol\u00edtica de privacidad estar\u00e1 disponible a pedido.<\/p>\n<p><strong>Informaci\u00f3n que recopilamos<\/strong><\/p>\n<p>Todos los datos que se recopilan est\u00e1n cubiertos por esta pol\u00edtica de privacidad. Esto incluye informaci\u00f3n no personal e informaci\u00f3n personal proporcionada a Firefly Children and Family Alliance.<\/p>\n<p>Adem\u00e1s de su informaci\u00f3n personal, puede optar por proporcionar informaci\u00f3n adicional sobre usted en su perfil de usuario. Esto incluye los campos identificados a continuaci\u00f3n. Toda la informaci\u00f3n que proporcione voluntariamente podr\u00e1 ponerse a disposici\u00f3n del personal de Firefly Children and Family Alliance para respaldar mejor la solicitud y los programas.<\/p>\n<p>Firefly Children and Family Alliance realiza un seguimiento de la cantidad total de comentarios sobre eventos enviados y del n\u00famero total de documentos cargados por cada usuario en su conjunto, pero no individualmente.<\/p>\n<p>Firefly Children and Family Alliance recopilar\u00e1 los siguientes tipos de datos:<\/p>\n<ul>\n<li>Campos obligatorios\n<ul>\n<li>Nombre de pila<\/li>\n<li>Apellido<\/li>\n<li>fecha de nacimiento<\/li>\n<li>Direcci\u00f3n de correo electr\u00f3nico<\/li>\n<\/ul>\n<\/li>\n<li>Campos opcionales\n<ul>\n<li>N\u00famero de tel\u00e9fono<\/li>\n<li>G\u00e9nero<\/li>\n<li>Pronombres<\/li>\n<li>Imagen de perfil<\/li>\n<\/ul>\n<\/li>\n<li>Otra informaci\u00f3n\n<ul>\n<li>Documentos de usuario<\/li>\n<li>Informaci\u00f3n de la escuela secundaria<\/li>\n<li>Informaci\u00f3n sobre educaci\u00f3n postsecundaria<\/li>\n<li>Informaci\u00f3n de residencia<\/li>\n<li>Informacion de Empleo<\/li>\n<\/ul>\n<\/li>\n<\/ul>\n<p><strong>C\u00f3mo recopilamos informaci\u00f3n <\/strong><\/p>\n<p>Firefly Children and Family Alliance recopila informaci\u00f3n directamente de nuestros sitios web, la aplicaci\u00f3n Sparkle y los servicios ofrecidos.<\/p>\n<p><strong>Por qu\u00e9 recopilamos informaci\u00f3n <\/strong><\/p>\n<p>Firefly Children and Family Alliance recopila informaci\u00f3n para los siguientes prop\u00f3sitos:<\/p>\n<ul>\n<li>Informaci\u00f3n personal: Para brindarle servicios y funciones personalizados y brindarle la mejor experiencia de usuario y soporte posibles.<\/li>\n<li>Informaci\u00f3n no personal\/informaci\u00f3n del programa: Para proporcionarle informaci\u00f3n relevante del programa.<\/li>\n<li>Uso y descargas de aplicaciones: Para comprender el uso y optimizar su interacci\u00f3n con nuestros servicios.<\/li>\n<li>Ninguna de la informaci\u00f3n recopilada se comparte actualmente con otros usuarios. S\u00f3lo los campos obligatorios son visibles desde el panel obligatorio.<\/li>\n<\/ul>\n<p><strong>Alojamiento de informaci\u00f3n<\/strong><\/p>\n<p>Firefly Children and Family Alliance aloja todos nuestros datos dentro de los Estados Unidos de Am\u00e9rica. Utilizamos Google Cloud Platform para alojar todos nuestros datos. Si utiliza nuestro servicio desde un pa\u00eds que difiere de las leyes de los Estados Unidos de Am\u00e9rica, que rigen la recopilaci\u00f3n y producci\u00f3n de datos, es posible que est\u00e9 transfiriendo su informaci\u00f3n personal fuera de la jurisdicci\u00f3n de control dentro de los Estados Unidos de Am\u00e9rica.<\/p>\n<p><strong>Intercambio de informaci\u00f3n y terceros.<\/strong><\/p>\n<p>Firefly Children and Family Alliance no comparte informaci\u00f3n personal con fines publicitarios o de marketing. Firefly Children and Family Alliance utiliza m\u00faltiples proveedores de servicios externos para mantener y operar nuestros servicios. Estos proveedores se enumeran a continuaci\u00f3n:<\/p>\n<ul>\n<li>Servicios de Google Cloud: Proporciona servicios de alojamiento para la aplicaci\u00f3n.<\/li>\n<li>Auth0: Proporciona servicios de autenticaci\u00f3n y autorizaci\u00f3n a la aplicaci\u00f3n.<\/li>\n<\/ul>\n<p><strong>Retenci\u00f3n y destrucci\u00f3n de informaci\u00f3n. <\/strong><\/p>\n<p>Firefly Children and Family Alliance conservar\u00e1 la informaci\u00f3n recopilada en nombre de nuestros clientes y usuarios durante el tiempo que sea necesario para cumplir con el prop\u00f3sito para el cual fue recopilada o seg\u00fan lo exija la ley aplicable. Nuestra pr\u00e1ctica est\u00e1ndar es conservar la informaci\u00f3n durante 7 a\u00f1os.<\/p>\n<p>Se eliminar\u00e1 la informaci\u00f3n que no se conserve de conformidad con la ley aplicable y que no sea necesaria para cumplir el prop\u00f3sito para el cual fue recopilada. Nuestra pr\u00e1ctica est\u00e1ndar es eliminar informaci\u00f3n despu\u00e9s de 7 a\u00f1os.<\/p>\n<p>Los documentos privados del usuario se eliminan inmediatamente despu\u00e9s de que el usuario los elimina. Los archivos p\u00fablicos (im\u00e1genes de perfil) se eliminan despu\u00e9s de 30 d\u00edas.<\/p>\n<p><strong>Opciones sobre su informaci\u00f3n<\/strong><\/p>\n<p>Puede actualizar y revisar cualquier informaci\u00f3n en su cuenta iniciando sesi\u00f3n en la aplicaci\u00f3n Sparkle. Tambi\u00e9n puede actualizar y configurar los ajustes de notificaci\u00f3n y comunicaci\u00f3n dentro de la aplicaci\u00f3n Sparkle.<\/p>\n<p>Si desea eliminar su cuenta, ya no podr\u00e1 acceder a su informaci\u00f3n en Sparkle. Ning\u00fan otro usuario de Sparkle podr\u00e1 acceder a su informaci\u00f3n. Firefly Children and Family Alliance conservar\u00e1 y utilizar\u00e1 su informaci\u00f3n seg\u00fan sea necesario para cumplir con cualquier obligaci\u00f3n legal.<\/p>\n<p><strong>C\u00f3mo contactarnos<\/strong><\/p>\n<p>Si tiene alguna pregunta o inquietud sobre esta declaraci\u00f3n de privacidad, comun\u00edquese con nosotros a:<\/p>\n<p>Sparklesupport@fireflyin.org<\/p>","protected":false},"excerpt":{"rendered":"<p>Sparkle by Firefly Children and Family Alliance \u2013 Privacy Policy Introduction This Privacy Statement explains how Firefly Children and Family Alliance protects personal information provided to us by our clients and users. Sparkle (by Firefly Children and Family Alliance) is a HIPPA compliant platform for document management and communication for Firefly Children and Family Alliance [&hellip;]<\/p>\n","protected":false},"author":15,"featured_media":0,"parent":0,"menu_order":0,"comment_status":"closed","ping_status":"closed","template":"","meta":{"_et_pb_use_builder":"","_et_pb_old_content":"","_et_gb_content_width":"","footnotes":""},"class_list":["post-17143","page","type-page","status-publish","hentry"],"yoast_head":"<!-- This site is optimized with the Yoast SEO plugin v27.3 - https:\/\/yoast.com\/product\/yoast-seo-wordpress\/ -->\n<title>Sparkle App Privacy Policy - Firefly Children and Family Alliance<\/title>\n<meta name=\"robots\" content=\"index, follow, max-snippet:-1, max-image-preview:large, max-video-preview:-1\" \/>\n<link rel=\"canonical\" href=\"https:\/\/fireflyin.org\/es\/sparkle-app-privacy-policy\/\" \/>\n<meta property=\"og:locale\" content=\"es_ES\" \/>\n<meta property=\"og:type\" content=\"article\" \/>\n<meta property=\"og:title\" content=\"Sparkle App Privacy Policy - Firefly Children and Family Alliance\" \/>\n<meta property=\"og:description\" content=\"Sparkle by Firefly Children and Family Alliance \u2013 Privacy Policy Introduction This Privacy Statement explains how Firefly Children and Family Alliance protects personal information provided to us by our clients and users. Sparkle (by Firefly Children and Family Alliance) is a HIPPA compliant platform for document management and communication for Firefly Children and Family Alliance [&hellip;]\" \/>\n<meta property=\"og:url\" content=\"https:\/\/fireflyin.org\/es\/sparkle-app-privacy-policy\/\" \/>\n<meta property=\"og:site_name\" content=\"Firefly Children and Family Alliance\" \/>\n<meta name=\"twitter:card\" content=\"summary_large_image\" \/>\n<meta name=\"twitter:label1\" content=\"Tiempo de lectura\" \/>\n\t<meta name=\"twitter:data1\" content=\"4 minutos\" \/>\n<script type=\"application\/ld+json\" class=\"yoast-schema-graph\">{\"@context\":\"https:\\\/\\\/schema.org\",\"@graph\":[{\"@type\":\"WebPage\",\"@id\":\"https:\\\/\\\/fireflyin.org\\\/sparkle-app-privacy-policy\\\/\",\"url\":\"https:\\\/\\\/fireflyin.org\\\/sparkle-app-privacy-policy\\\/\",\"name\":\"Sparkle App Privacy Policy - Firefly Children and Family Alliance\",\"isPartOf\":{\"@id\":\"https:\\\/\\\/fireflyin.org\\\/#website\"},\"datePublished\":\"2023-06-20T19:32:09+00:00\",\"breadcrumb\":{\"@id\":\"https:\\\/\\\/fireflyin.org\\\/sparkle-app-privacy-policy\\\/#breadcrumb\"},\"inLanguage\":\"es\",\"potentialAction\":[{\"@type\":\"ReadAction\",\"target\":[\"https:\\\/\\\/fireflyin.org\\\/sparkle-app-privacy-policy\\\/\"]}]},{\"@type\":\"BreadcrumbList\",\"@id\":\"https:\\\/\\\/fireflyin.org\\\/sparkle-app-privacy-policy\\\/#breadcrumb\",\"itemListElement\":[{\"@type\":\"ListItem\",\"position\":1,\"name\":\"Home\",\"item\":\"https:\\\/\\\/fireflyin.org\\\/\"},{\"@type\":\"ListItem\",\"position\":2,\"name\":\"Sparkle App Privacy Policy\"}]},{\"@type\":\"WebSite\",\"@id\":\"https:\\\/\\\/fireflyin.org\\\/#website\",\"url\":\"https:\\\/\\\/fireflyin.org\\\/\",\"name\":\"Firefly Children and Family Alliance\",\"description\":\"foster parents impact, foster kids, foster parents needed, a foster parent&#039;s role\",\"potentialAction\":[{\"@type\":\"SearchAction\",\"target\":{\"@type\":\"EntryPoint\",\"urlTemplate\":\"https:\\\/\\\/fireflyin.org\\\/?s={search_term_string}\"},\"query-input\":{\"@type\":\"PropertyValueSpecification\",\"valueRequired\":true,\"valueName\":\"search_term_string\"}}],\"inLanguage\":\"es\"}]}<\/script>\n<!-- \/ Yoast SEO plugin. -->","yoast_head_json":{"title":"Sparkle App Privacy Policy - Firefly Children and Family Alliance","robots":{"index":"index","follow":"follow","max-snippet":"max-snippet:-1","max-image-preview":"max-image-preview:large","max-video-preview":"max-video-preview:-1"},"canonical":"https:\/\/fireflyin.org\/es\/sparkle-app-privacy-policy\/","og_locale":"es_ES","og_type":"article","og_title":"Sparkle App Privacy Policy - Firefly Children and Family Alliance","og_description":"Sparkle by Firefly Children and Family Alliance \u2013 Privacy Policy Introduction This Privacy Statement explains how Firefly Children and Family Alliance protects personal information provided to us by our clients and users. Sparkle (by Firefly Children and Family Alliance) is a HIPPA compliant platform for document management and communication for Firefly Children and Family Alliance [&hellip;]","og_url":"https:\/\/fireflyin.org\/es\/sparkle-app-privacy-policy\/","og_site_name":"Firefly Children and Family Alliance","twitter_card":"summary_large_image","twitter_misc":{"Tiempo de lectura":"4 minutos"},"schema":{"@context":"https:\/\/schema.org","@graph":[{"@type":"WebPage","@id":"https:\/\/fireflyin.org\/sparkle-app-privacy-policy\/","url":"https:\/\/fireflyin.org\/sparkle-app-privacy-policy\/","name":"Sparkle App Privacy Policy - Firefly Children and Family Alliance","isPartOf":{"@id":"https:\/\/fireflyin.org\/#website"},"datePublished":"2023-06-20T19:32:09+00:00","breadcrumb":{"@id":"https:\/\/fireflyin.org\/sparkle-app-privacy-policy\/#breadcrumb"},"inLanguage":"es","potentialAction":[{"@type":"ReadAction","target":["https:\/\/fireflyin.org\/sparkle-app-privacy-policy\/"]}]},{"@type":"BreadcrumbList","@id":"https:\/\/fireflyin.org\/sparkle-app-privacy-policy\/#breadcrumb","itemListElement":[{"@type":"ListItem","position":1,"name":"Home","item":"https:\/\/fireflyin.org\/"},{"@type":"ListItem","position":2,"name":"Sparkle App Privacy Policy"}]},{"@type":"WebSite","@id":"https:\/\/fireflyin.org\/#website","url":"https:\/\/fireflyin.org\/","name":"Alianza de Ni\u00f1os y Familias Firefly","description":"impacto de los padres adoptivos, ni\u00f1os adoptivos, se necesitan padres adoptivos, el papel de un padre adoptivo&#039;","potentialAction":[{"@type":"SearchAction","target":{"@type":"EntryPoint","urlTemplate":"https:\/\/fireflyin.org\/?s={search_term_string}"},"query-input":{"@type":"PropertyValueSpecification","valueRequired":true,"valueName":"search_term_string"}}],"inLanguage":"es"}]}},"_links":{"self":[{"href":"https:\/\/fireflyin.org\/es\/wp-json\/wp\/v2\/pages\/17143","targetHints":{"allow":["GET"]}}],"collection":[{"href":"https:\/\/fireflyin.org\/es\/wp-json\/wp\/v2\/pages"}],"about":[{"href":"https:\/\/fireflyin.org\/es\/wp-json\/wp\/v2\/types\/page"}],"author":[{"embeddable":true,"href":"https:\/\/fireflyin.org\/es\/wp-json\/wp\/v2\/users\/15"}],"replies":[{"embeddable":true,"href":"https:\/\/fireflyin.org\/es\/wp-json\/wp\/v2\/comments?post=17143"}],"version-history":[{"count":0,"href":"https:\/\/fireflyin.org\/es\/wp-json\/wp\/v2\/pages\/17143\/revisions"}],"wp:attachment":[{"href":"https:\/\/fireflyin.org\/es\/wp-json\/wp\/v2\/media?parent=17143"}],"curies":[{"name":"gracias","href":"https:\/\/api.w.org\/{rel}","templated":true}]}}