{"id":17143,"date":"2023-06-20T15:32:09","date_gmt":"2023-06-20T19:32:09","guid":{"rendered":"https:\/\/fireflyin.org\/?page_id=17143"},"modified":"2023-06-20T15:32:09","modified_gmt":"2023-06-20T19:32:09","slug":"sparkle-app-privacy-policy","status":"publish","type":"page","link":"https:\/\/fireflyin.org\/de\/sparkle-app-privacy-policy\/","title":{"rendered":"Datenschutzrichtlinie f\u00fcr die Sparkle-App"},"content":{"rendered":"<p><strong><u>Funkeln Sie vorbei <\/u><\/strong><strong><u>Firefly Children and Family Alliance \u2013 Datenschutzrichtlinie<\/u><\/strong><\/p>\n<p><strong>Einf\u00fchrung<\/strong><\/p>\n<p>In dieser Datenschutzerkl\u00e4rung wird erl\u00e4utert, wie Firefly Children and Family Alliance personenbezogene Daten sch\u00fctzt, die uns von unseren Kunden und Benutzern zur Verf\u00fcgung gestellt werden.<\/p>\n<p>Sparkle (von Firefly Children and Family Alliance) ist eine HIPPA-kompatible Plattform f\u00fcr die Dokumentenverwaltung und Kommunikation f\u00fcr Firefly Children and Family Alliance-Programme. Benutzer k\u00f6nnen die folgenden Funktionen ausf\u00fchren:<\/p>\n<ul>\n<li>Konto-Erstellung<\/li>\n<li>Anmeldung<\/li>\n<li>Passwort zur\u00fccksetzen<\/li>\n<li>Benutzervalidierung anhand einer vordefinierten Benutzerliste<\/li>\n<li>Demo-Komplettl\u00f6sung einschlie\u00dflich:\n<ul>\n<li>Rabatte<\/li>\n<li>Community-Ank\u00fcndigungen\/Jobs<\/li>\n<li>Selbstpflege<\/li>\n<li>Dokumentenspeicher<\/li>\n<\/ul>\n<\/li>\n<li>Veranstaltungen<\/li>\n<li>Ressourcen<\/li>\n<li>Binder (Dokumentenverwaltung)<\/li>\n<li>Community-Karte<\/li>\n<\/ul>\n<p>Benutzer k\u00f6nnen w\u00e4hlen, ob sie ihren Namen (Vorname, Nachname, Anfangsbuchstabe, nicht vollst\u00e4ndiger Name) und ihren Social-Media-Benutzernamen teilen m\u00f6chten oder ihr Profil privat machen m\u00f6chten<\/p>\n<p><strong>Verpflichtung zum Datenschutz<\/strong><\/p>\n<p>Firefly Children and Family Alliance ist sich dar\u00fcber im Klaren, dass Datenschutz f\u00fcr die Nutzer unserer Dienste wichtig ist, und verpflichtet sich zu Transparenz in Bezug auf unsere Datenerfassungs- und Nutzungspraktiken.<\/p>\n<p>Diese Datenschutzrichtlinie gilt f\u00fcr alle von Firefly Children and Family Alliance bereitgestellten Produkte und Dienstleistungen. Sollten an dieser Datenschutzerkl\u00e4rung \u00c4nderungen vorgenommen werden, werden fr\u00fchere Versionen unserer Datenschutzerkl\u00e4rung auf Anfrage zur Verf\u00fcgung gestellt.<\/p>\n<p>Die Anwendung ist sowohl auf Englisch als auch auf Spanisch verf\u00fcgbar.<\/p>\n<p>Eine \u00fcbersetzte Version unserer Datenschutzrichtlinie wird auf Anfrage zur Verf\u00fcgung gestellt.<\/p>\n<p><strong>Informationen, die wir sammeln<\/strong><\/p>\n<p>Alle erfassten Daten unterliegen dieser Datenschutzrichtlinie. Dazu geh\u00f6ren nicht personenbezogene Daten und personenbezogene Daten, die der Firefly Children and Family Alliance zur Verf\u00fcgung gestellt werden.<\/p>\n<p>Zus\u00e4tzlich zu Ihren pers\u00f6nlichen Daten k\u00f6nnen Sie in Ihrem Benutzerprofil zus\u00e4tzliche Informationen zu Ihrer Person angeben. Dazu geh\u00f6ren die unten aufgef\u00fchrten Felder. Alle von Ihnen freiwillig bereitgestellten Informationen k\u00f6nnen den Mitarbeitern der Firefly Children and Family Alliance zug\u00e4nglich gemacht werden, um den Antrag und die Programme besser zu unterst\u00fctzen.<\/p>\n<p>Firefly Children and Family Alliance verfolgt die Gesamtzahl der eingereichten Veranstaltungsr\u00fcckmeldungen und die Gesamtzahl der hochgeladenen Dokumente von jedem Benutzer als Ganzes, jedoch nicht einzeln.<\/p>\n<p>Die Firefly Children and Family Alliance erfasst die folgenden Arten von Daten:<\/p>\n<ul>\n<li>Pflichtfelder\n<ul>\n<li>Vorname<\/li>\n<li>Familienname, Nachname<\/li>\n<li>Geburtsdatum<\/li>\n<li>E-Mail-Addresse<\/li>\n<\/ul>\n<\/li>\n<li>Optionale Felder\n<ul>\n<li>Telefonnummer<\/li>\n<li>Geschlecht<\/li>\n<li>Pronomen<\/li>\n<li>Profilbild<\/li>\n<\/ul>\n<\/li>\n<li>Andere Informationen\n<ul>\n<li>Benutzerdokumente<\/li>\n<li>Informationen zur Highschool<\/li>\n<li>Informationen zur postsekund\u00e4ren Bildung<\/li>\n<li>Informationen zum Wohnsitz<\/li>\n<li>Informationen zur Besch\u00e4ftigung<\/li>\n<\/ul>\n<\/li>\n<\/ul>\n<p><strong>Wie wir Informationen sammeln <\/strong><\/p>\n<p>Die Firefly Children and Family Alliance sammelt Informationen direkt von unseren Websites, der Sparkle-Anwendung und den angebotenen Diensten.<\/p>\n<p><strong>Warum wir Informationen sammeln <\/strong><\/p>\n<p>Die Firefly Children and Family Alliance sammelt Informationen f\u00fcr folgende Zwecke:<\/p>\n<ul>\n<li>Pers\u00f6nliche Daten: Um Ihnen personalisierte Dienste und Funktionen bereitzustellen und Ihnen die bestm\u00f6gliche Benutzererfahrung und Unterst\u00fctzung zu bieten.<\/li>\n<li>Nicht personenbezogene Informationen\/Programminformationen: Um Ihnen relevante Programminformationen bereitzustellen.<\/li>\n<li>Anwendungsnutzung und Downloads: Um die Nutzung zu verstehen und Ihre Interaktion mit unseren Diensten zu optimieren.<\/li>\n<li>Derzeit werden keine der gesammelten Informationen an andere Benutzer weitergegeben. Im Pflicht-Dashboard sind nur Pflichtfelder sichtbar.<\/li>\n<\/ul>\n<p><strong>Informationshosting<\/strong><\/p>\n<p>Die Firefly Children and Family Alliance hostet alle unsere Daten in den Vereinigten Staaten von Amerika. Wir nutzen die Google Cloud Platform, um alle unsere Daten zu hosten. Wenn Sie unseren Service von einem Land aus nutzen, das von den Gesetzen der Vereinigten Staaten von Amerika abweicht, die die Erhebung und Verarbeitung von Daten regeln, \u00fcbermitteln Sie Ihre personenbezogenen Daten m\u00f6glicherweise au\u00dferhalb der Gerichtsbarkeit der Vereinigten Staaten von Amerika.<\/p>\n<p><strong>Informationsaustausch und Dritte<\/strong><\/p>\n<p>Die Firefly Children and Family Alliance gibt keine personenbezogenen Daten f\u00fcr Werbe- oder Marketingzwecke weiter. Firefly Children and Family Alliance nutzt mehrere Drittanbieter zur Wartung und zum Betrieb unserer Dienste. Nachfolgend sind diese Anbieter aufgef\u00fchrt:<\/p>\n<ul>\n<li>Google Cloud Services: Bietet Hosting-Dienste f\u00fcr die Anwendung.<\/li>\n<li>Auth0: Stellt Authentifizierungs- und Autorisierungsdienste f\u00fcr die Anwendung bereit.<\/li>\n<\/ul>\n<p><strong>Aufbewahrung und Vernichtung von Informationen <\/strong><\/p>\n<p>Firefly Children and Family Alliance speichert die im Namen unserer Kunden und Nutzer gesammelten Informationen so lange, wie es zur Erf\u00fcllung des Zwecks, f\u00fcr den sie gesammelt wurden, erforderlich ist oder wie es anderweitig durch geltendes Recht vorgeschrieben ist. Unsere Standardpraxis besteht darin, Informationen sieben Jahre lang aufzubewahren.<\/p>\n<p>Informationen, die nicht gem\u00e4\u00df geltendem Recht gespeichert werden und f\u00fcr die Erf\u00fcllung des Zwecks, f\u00fcr den sie erhoben wurden, nicht erforderlich sind, werden gel\u00f6scht. Unsere Standardpraxis besteht darin, Informationen nach 7 Jahren zu l\u00f6schen.<\/p>\n<p>Private Benutzerdokumente werden nach der Entfernung durch den Benutzer sofort gel\u00f6scht. \u00d6ffentlich zug\u00e4ngliche Dateien (Profilbilder) werden nach 30 Tagen entfernt<\/p>\n<p><strong>Auswahlm\u00f6glichkeiten bez\u00fcglich Ihrer Informationen<\/strong><\/p>\n<p>Sie k\u00f6nnen alle Informationen in Ihrem Konto aktualisieren und \u00fcberpr\u00fcfen, indem Sie sich bei der Sparkle-Anwendung anmelden. Sie k\u00f6nnen auch Benachrichtigungs- und Kommunikationseinstellungen innerhalb der Sparkle-Anwendung aktualisieren und konfigurieren.<\/p>\n<p>Wenn Sie Ihr Konto l\u00f6schen m\u00f6chten, k\u00f6nnen Sie auf Sparkle nicht mehr auf Ihre Daten zugreifen. Kein anderer Sparkle-Benutzer kann auf Ihre Informationen zugreifen. Firefly Children and Family Alliance speichert und nutzt Ihre Daten, soweit dies zur Erf\u00fcllung etwaiger gesetzlicher Verpflichtungen erforderlich ist.<\/p>\n<p><strong>Wie Sie uns erreichen<\/strong><\/p>\n<p>Wenn Sie Fragen oder Bedenken zu dieser Datenschutzerkl\u00e4rung haben, kontaktieren Sie uns bitte unter:<\/p>\n<p>Sparklesupport@fireflyin.org<\/p>","protected":false},"excerpt":{"rendered":"<p>Sparkle by Firefly Children and Family Alliance \u2013 Privacy Policy Introduction This Privacy Statement explains how Firefly Children and Family Alliance protects personal information provided to us by our clients and users. Sparkle (by Firefly Children and Family Alliance) is a HIPPA compliant platform for document management and communication for Firefly Children and Family Alliance [&hellip;]<\/p>\n","protected":false},"author":15,"featured_media":0,"parent":0,"menu_order":0,"comment_status":"closed","ping_status":"closed","template":"","meta":{"_et_pb_use_builder":"","_et_pb_old_content":"","_et_gb_content_width":"","footnotes":""},"class_list":["post-17143","page","type-page","status-publish","hentry"],"yoast_head":"<!-- This site is optimized with the Yoast SEO plugin v27.3 - https:\/\/yoast.com\/product\/yoast-seo-wordpress\/ -->\n<title>Sparkle App Privacy Policy - Firefly Children and Family Alliance<\/title>\n<meta name=\"robots\" content=\"index, follow, max-snippet:-1, max-image-preview:large, max-video-preview:-1\" \/>\n<link rel=\"canonical\" href=\"https:\/\/fireflyin.org\/de\/sparkle-app-privacy-policy\/\" \/>\n<meta property=\"og:locale\" content=\"de_DE\" \/>\n<meta property=\"og:type\" content=\"article\" \/>\n<meta property=\"og:title\" content=\"Sparkle App Privacy Policy - Firefly Children and Family Alliance\" \/>\n<meta property=\"og:description\" content=\"Sparkle by Firefly Children and Family Alliance \u2013 Privacy Policy Introduction This Privacy Statement explains how Firefly Children and Family Alliance protects personal information provided to us by our clients and users. Sparkle (by Firefly Children and Family Alliance) is a HIPPA compliant platform for document management and communication for Firefly Children and Family Alliance [&hellip;]\" \/>\n<meta property=\"og:url\" content=\"https:\/\/fireflyin.org\/de\/sparkle-app-privacy-policy\/\" \/>\n<meta property=\"og:site_name\" content=\"Firefly Children and Family Alliance\" \/>\n<meta name=\"twitter:card\" content=\"summary_large_image\" \/>\n<meta name=\"twitter:label1\" content=\"Gesch\u00e4tzte Lesezeit\" \/>\n\t<meta name=\"twitter:data1\" content=\"4\u00a0Minuten\" \/>\n<script type=\"application\/ld+json\" class=\"yoast-schema-graph\">{\"@context\":\"https:\\\/\\\/schema.org\",\"@graph\":[{\"@type\":\"WebPage\",\"@id\":\"https:\\\/\\\/fireflyin.org\\\/sparkle-app-privacy-policy\\\/\",\"url\":\"https:\\\/\\\/fireflyin.org\\\/sparkle-app-privacy-policy\\\/\",\"name\":\"Sparkle App Privacy Policy - Firefly Children and Family Alliance\",\"isPartOf\":{\"@id\":\"https:\\\/\\\/fireflyin.org\\\/#website\"},\"datePublished\":\"2023-06-20T19:32:09+00:00\",\"breadcrumb\":{\"@id\":\"https:\\\/\\\/fireflyin.org\\\/sparkle-app-privacy-policy\\\/#breadcrumb\"},\"inLanguage\":\"de\",\"potentialAction\":[{\"@type\":\"ReadAction\",\"target\":[\"https:\\\/\\\/fireflyin.org\\\/sparkle-app-privacy-policy\\\/\"]}]},{\"@type\":\"BreadcrumbList\",\"@id\":\"https:\\\/\\\/fireflyin.org\\\/sparkle-app-privacy-policy\\\/#breadcrumb\",\"itemListElement\":[{\"@type\":\"ListItem\",\"position\":1,\"name\":\"Home\",\"item\":\"https:\\\/\\\/fireflyin.org\\\/\"},{\"@type\":\"ListItem\",\"position\":2,\"name\":\"Sparkle App Privacy Policy\"}]},{\"@type\":\"WebSite\",\"@id\":\"https:\\\/\\\/fireflyin.org\\\/#website\",\"url\":\"https:\\\/\\\/fireflyin.org\\\/\",\"name\":\"Firefly Children and Family Alliance\",\"description\":\"foster parents impact, foster kids, foster parents needed, a foster parent&#039;s role\",\"potentialAction\":[{\"@type\":\"SearchAction\",\"target\":{\"@type\":\"EntryPoint\",\"urlTemplate\":\"https:\\\/\\\/fireflyin.org\\\/?s={search_term_string}\"},\"query-input\":{\"@type\":\"PropertyValueSpecification\",\"valueRequired\":true,\"valueName\":\"search_term_string\"}}],\"inLanguage\":\"de\"}]}<\/script>\n<!-- \/ Yoast SEO plugin. -->","yoast_head_json":{"title":"Datenschutzrichtlinie der Sparkle-App \u2013 Firefly Children and Family Alliance","robots":{"index":"index","follow":"follow","max-snippet":"max-snippet:-1","max-image-preview":"max-image-preview:large","max-video-preview":"max-video-preview:-1"},"canonical":"https:\/\/fireflyin.org\/de\/sparkle-app-privacy-policy\/","og_locale":"de_DE","og_type":"article","og_title":"Sparkle App Privacy Policy - Firefly Children and Family Alliance","og_description":"Sparkle by Firefly Children and Family Alliance \u2013 Privacy Policy Introduction This Privacy Statement explains how Firefly Children and Family Alliance protects personal information provided to us by our clients and users. Sparkle (by Firefly Children and Family Alliance) is a HIPPA compliant platform for document management and communication for Firefly Children and Family Alliance [&hellip;]","og_url":"https:\/\/fireflyin.org\/de\/sparkle-app-privacy-policy\/","og_site_name":"Firefly Children and Family Alliance","twitter_card":"summary_large_image","twitter_misc":{"Gesch\u00e4tzte Lesezeit":"4\u00a0Minuten"},"schema":{"@context":"https:\/\/schema.org","@graph":[{"@type":"WebPage","@id":"https:\/\/fireflyin.org\/sparkle-app-privacy-policy\/","url":"https:\/\/fireflyin.org\/sparkle-app-privacy-policy\/","name":"Datenschutzrichtlinie der Sparkle-App \u2013 Firefly Children and Family Alliance","isPartOf":{"@id":"https:\/\/fireflyin.org\/#website"},"datePublished":"2023-06-20T19:32:09+00:00","breadcrumb":{"@id":"https:\/\/fireflyin.org\/sparkle-app-privacy-policy\/#breadcrumb"},"inLanguage":"de","potentialAction":[{"@type":"ReadAction","target":["https:\/\/fireflyin.org\/sparkle-app-privacy-policy\/"]}]},{"@type":"BreadcrumbList","@id":"https:\/\/fireflyin.org\/sparkle-app-privacy-policy\/#breadcrumb","itemListElement":[{"@type":"ListItem","position":1,"name":"Home","item":"https:\/\/fireflyin.org\/"},{"@type":"ListItem","position":2,"name":"Sparkle App Privacy Policy"}]},{"@type":"WebSite","@id":"https:\/\/fireflyin.org\/#website","url":"https:\/\/fireflyin.org\/","name":"Firefly Kinder- und Familienallianz","description":"Auswirkungen auf Pflegeeltern, Pflegekinder, ben\u00f6tigte Pflegeeltern, die Rolle eines Pflegeelternteils","potentialAction":[{"@type":"SearchAction","target":{"@type":"EntryPoint","urlTemplate":"https:\/\/fireflyin.org\/?s={search_term_string}"},"query-input":{"@type":"PropertyValueSpecification","valueRequired":true,"valueName":"search_term_string"}}],"inLanguage":"de"}]}},"_links":{"self":[{"href":"https:\/\/fireflyin.org\/de\/wp-json\/wp\/v2\/pages\/17143","targetHints":{"allow":["GET"]}}],"collection":[{"href":"https:\/\/fireflyin.org\/de\/wp-json\/wp\/v2\/pages"}],"about":[{"href":"https:\/\/fireflyin.org\/de\/wp-json\/wp\/v2\/types\/page"}],"author":[{"embeddable":true,"href":"https:\/\/fireflyin.org\/de\/wp-json\/wp\/v2\/users\/15"}],"replies":[{"embeddable":true,"href":"https:\/\/fireflyin.org\/de\/wp-json\/wp\/v2\/comments?post=17143"}],"version-history":[{"count":0,"href":"https:\/\/fireflyin.org\/de\/wp-json\/wp\/v2\/pages\/17143\/revisions"}],"wp:attachment":[{"href":"https:\/\/fireflyin.org\/de\/wp-json\/wp\/v2\/media?parent=17143"}],"curies":[{"name":"wp","href":"https:\/\/api.w.org\/{rel}","templated":true}]}}